{"id":9707,"date":"2020-06-03T13:24:02","date_gmt":"2020-06-03T12:24:02","guid":{"rendered":"https:\/\/yevea.com\/productos\/?post_type=product&#038;p=9707"},"modified":"2021-08-09T21:44:01","modified_gmt":"2021-08-09T20:44:01","slug":"9om-espejo-madera-de-olivo","status":"publish","type":"product","link":"https:\/\/yevea.com\/productos\/producto\/9om-espejo-madera-de-olivo\/","title":{"rendered":"9om. espejo madera de olivo"},"content":{"rendered":"<table>\n<caption>Hoja de datos del producto<\/caption>\n<tr>\n<th>product brand:<\/th>\n<td colspan=\"2\"><img loading=\"lazy\" decoding=\"async\" src=\"https:\/\/yevea.com\/921-espejos\/logo-yevea-product-brand-name-9om.svg\" width=\"300\" height=\"150\"\/><\/td>\n<\/tr>\n<tr>\n<th>versi\u00f3n:<\/th>\n<th>fecha:<\/th>\n<th>revisado por:<\/th>\n<\/tr>\n<tr>\n<td>1.7<\/td>\n<td>12.06.2020<\/td>\n<td>Martin Cecetka<\/td>\n<\/tr>\n<\/table>\n<table>\n<caption>Variantes<\/caption>\n<tr>\n<td>\n<ol>\n<li><\/li>\n<li><\/li>\n<li><\/li>\n<li><\/li>\n<\/ol>\n<\/td>\n<td colspan=\"2\">\n<img decoding=\"async\" src=\"https:\/\/yevea.com\/921-espejos\/9om-iiii.svg\" style=\"max-width:100%\"\/><\/td>\n<\/tr>\n<\/table>\n<h2><b>9om-iiii.<\/b> espejo madera de olivo rectangular 4 lados tablas canto recto<\/h2>\n<p><img decoding=\"async\" src=\"https:\/\/yevea.com\/921-espejos\/madera-olivo-marco-liso-4-lados.png\" style=\"max-width:100%\"\/><\/p>\n<p><img decoding=\"async\" src=\"https:\/\/yevea.com\/921-espejos\/9om-iiii.svg\" style=\"max-width:100%\"\/><\/p>\n<h2><b>9om-dddd.<\/b> espejo madera de olivo rectangular 4 cantos r\u00fasticos hac\u00eda dentro<\/h2>\n<p><img decoding=\"async\" src=\"https:\/\/yevea.com\/921-espejos\/madera-olivo-marco-rustico-4-lados-dentro.png\" style=\"max-width:100%\"\/><\/p>\n<p><img decoding=\"async\" src=\"https:\/\/yevea.com\/921-espejos\/9om-dddd.svg\" style=\"max-width:100%\"\/><\/p>\n<h2><b>9om-dzdz.<\/b> espejo madera de olivo rectangular tablones cantos r\u00fasticos hacia dentro<\/h2>\n<p><img decoding=\"async\" src=\"https:\/\/yevea.com\/921-espejos\/espejo-tablon-madera-olivo-decorativo-tablones-canto-rustico-hacia-dentro.png\" style=\"max-width:100%\"\/><\/p>\n<p><img decoding=\"async\" src=\"https:\/\/yevea.com\/921-espejos\/9om-dzdz.svg\" style=\"max-width:100%\"\/><\/p>\n<h2><b>9om-zdzd.<\/b> espejo madera de olivo rectangular cantos laterales r\u00fasticos hac\u00eda dentro<\/h2>\n<p><img decoding=\"async\" src=\"https:\/\/yevea.com\/921-espejos\/espejo-tablon-madera-olivo-decorativo-tablones-canto-rustico-hacia-dentro-laterales.png\" style=\"max-width:100%\"\/><\/p>\n<p><img decoding=\"async\" src=\"https:\/\/yevea.com\/921-espejos\/9om-zdzd.svg\" style=\"max-width:100%\"\/><\/p>\n<h2><b>9om-ssss.<\/b> espejo madera de olivo rectangular 4 cantos r\u00f9sticos<\/h2>\n<p><img decoding=\"async\" src=\"https:\/\/yevea.com\/921-espejos\/madera-olivo-marco-rustico-4-lados-fuera.png\" style=\"max-width:100%\"\/><\/p>\n<p><img decoding=\"async\" src=\"https:\/\/yevea.com\/921-espejos\/9om-ssss.svg\" style=\"max-width:100%\"\/><\/p>\n<h2><b>9om-szsz.<\/b> espejo madera de olivo rectangular 4 cantos rectos<\/h2>\n<p><img decoding=\"async\" src=\"https:\/\/yevea.com\/921-espejos\/espejo-tablon-madera-olivo-decorativo-tablones-paralelos.png\" style=\"max-width:100%\"\/><\/p>\n<p><img decoding=\"async\" src=\"https:\/\/yevea.com\/921-espejos\/9mo-szsz.svg\" style=\"max-width:100%\"\/><\/p>\n<h2><b>9om-zszs.<\/b> espejo madera de olivo rectangular 4 cantos rectos<\/h2>\n<p><img decoding=\"async\" src=\"https:\/\/yevea.com\/921-espejos\/espejo-tablon-madera-olivo-decorativo-largo-laterales.png\" style=\"max-width:100%\"\/><\/p>\n<p><img decoding=\"async\" src=\"https:\/\/yevea.com\/921-espejos\/9om-zszs.svg\" style=\"max-width:100%\"\/><\/p>\n<h2><b>9om-zszs.<\/b> espejo madera de olivo rectangular 4 cantos rectos<\/h2>\n<p><img decoding=\"async\" src=\"https:\/\/yevea.com\/921-espejos\/9om-oooo.svg\" style=\"max-width:100%\"\/><\/p>\n","protected":false},"excerpt":{"rendered":"<p>Hoja de datos del producto product brand: versi\u00f3n: fecha: revisado por: 1.7 12.06.2020 Martin Cecetka Variantes 9om-iiii. espejo madera de olivo rectangular 4 lados tablas canto recto 9om-dddd. espejo madera de olivo rectangular 4 cantos r\u00fasticos hac\u00eda dentro 9om-dzdz. espejo madera de olivo rectangular tablones cantos r\u00fasticos hacia dentro 9om-zdzd. espejo madera de olivo rectangular [&hellip;]<\/p>\n","protected":false},"featured_media":9710,"template":"","meta":[],"product_brand":[],"product_cat":[492],"product_tag":[],"class_list":{"0":"post-9707","1":"product","2":"type-product","3":"status-publish","4":"has-post-thumbnail","6":"product_cat-decoracion","8":"first","9":"instock","10":"taxable","11":"shipping-taxable","12":"purchasable","13":"product-type-variable","14":"has-default-attributes"},"_links":{"self":[{"href":"https:\/\/yevea.com\/productos\/wp-json\/wp\/v2\/product\/9707","targetHints":{"allow":["GET"]}}],"collection":[{"href":"https:\/\/yevea.com\/productos\/wp-json\/wp\/v2\/product"}],"about":[{"href":"https:\/\/yevea.com\/productos\/wp-json\/wp\/v2\/types\/product"}],"wp:featuredmedia":[{"embeddable":true,"href":"https:\/\/yevea.com\/productos\/wp-json\/wp\/v2\/media\/9710"}],"wp:attachment":[{"href":"https:\/\/yevea.com\/productos\/wp-json\/wp\/v2\/media?parent=9707"}],"wp:term":[{"taxonomy":"product_brand","embeddable":true,"href":"https:\/\/yevea.com\/productos\/wp-json\/wp\/v2\/product_brand?post=9707"},{"taxonomy":"product_cat","embeddable":true,"href":"https:\/\/yevea.com\/productos\/wp-json\/wp\/v2\/product_cat?post=9707"},{"taxonomy":"product_tag","embeddable":true,"href":"https:\/\/yevea.com\/productos\/wp-json\/wp\/v2\/product_tag?post=9707"}],"curies":[{"name":"wp","href":"https:\/\/api.w.org\/{rel}","templated":true}]}}