{"id":951,"date":"2018-11-13T09:06:05","date_gmt":"2018-11-13T08:06:05","guid":{"rendered":"https:\/\/yevea.com\/productos\/?post_type=product&#038;p=951"},"modified":"2024-01-11T21:56:12","modified_gmt":"2024-01-11T20:56:12","slug":"tabla-organica","status":"publish","type":"product","link":"https:\/\/yevea.com\/productos\/producto\/tabla-organica\/","title":{"rendered":"753. tabla org\u00e1nica"},"content":{"rendered":"<ol>\n<li>Para producir la tabla de corte org\u00e1nica elegimos los troncos de olivo macizos y los cortamos a lonchas.<\/li>\n<li>La tabla org\u00e1nica es un corte longitudinal del tronco de longitud determinada y ancho variable, seg\u00fan proporciones del proprio \u00e1rbol.<\/li>\n<li>los cantos longitudinales mantienen su forma natural en ambos lados<\/li>\n<li>La tabla org\u00e1nica tiene trozos de corteza por los dos lados.<\/li>\n<li>la corteza puede caer durante de su uso<\/li>\n<li>dimensiones disponibles: 40\u00d720 cm, 40\u00d725 cm, 50\u00d725 cm, 50\u00d730 cm, 60\u00d730 cm, 60\u00d735 cm, 70\u00d735 cm, 70\u00d740 cm<\/li>\n<li>Debido a las limitaciones de la forma natural del tronco, las dimensiones son muy aproximadas<\/li>\n<li>grosor nominal: 5 cm. Grosor indicado es muy aproximado ya que la tabla org\u00e1nica no se regruesa. El grosor nominal se basa en el espesor del tabl\u00f3n aserrado crudo. El grosor real es tal como se queda tras el lijado.<\/li>\n<li>Los precios suben en proporci\u00f3n del ancho de la tabla, ya que lo determina el grosor del tronco. Los troncos m\u00e1s gruesos provienen de los olivos m\u00e1s longevos. M\u00e4s longevo el olivo, m\u00e1s elevado su valor. Esto se debe a su escasez, a la dificultad extrema del aserrado de los troncos anchos, y a la imposibilidad de que olivo centenario este macizo por dentro.<\/li>\n<li>Por su aspecto natural y gran utilidad, la tabla org\u00e1nica es muy popular en herborister\u00edas y tiendas de productos ecol\u00f3gicos.<\/li>\n<\/ol>\n","protected":false},"excerpt":{"rendered":"<p>Para producir la tabla de corte org\u00e1nica elegimos los troncos de olivo macizos y los cortamos a lonchas. La tabla org\u00e1nica es un corte longitudinal del tronco de longitud determinada y ancho variable, seg\u00fan proporciones del proprio \u00e1rbol. los cantos longitudinales mantienen su forma natural en ambos lados La tabla org\u00e1nica tiene trozos de corteza [&hellip;]<\/p>\n","protected":false},"featured_media":2350,"template":"","meta":[],"product_brand":[],"product_cat":[764],"product_tag":[],"class_list":{"0":"post-951","1":"product","2":"type-product","3":"status-publish","4":"has-post-thumbnail","6":"product_cat-tablas-cocina","7":"product_shipping_class-menaje","8":"pa_dim-tabla-rectangular-40x20","9":"pa_dim-tabla-rectangular-40x25","10":"pa_dim-tabla-rectangular-50x25","11":"pa_dim-tabla-rectangular-50x30","12":"pa_dim-tabla-rectangular-60x30","13":"pa_dim-tabla-rectangular-60x35","14":"pa_dim-tabla-rectangular-70x35","15":"pa_dim-tabla-rectangular-70x40","17":"first","18":"instock","19":"taxable","20":"shipping-taxable","21":"purchasable","22":"product-type-variable","23":"has-default-attributes"},"_links":{"self":[{"href":"https:\/\/yevea.com\/productos\/wp-json\/wp\/v2\/product\/951","targetHints":{"allow":["GET"]}}],"collection":[{"href":"https:\/\/yevea.com\/productos\/wp-json\/wp\/v2\/product"}],"about":[{"href":"https:\/\/yevea.com\/productos\/wp-json\/wp\/v2\/types\/product"}],"wp:featuredmedia":[{"embeddable":true,"href":"https:\/\/yevea.com\/productos\/wp-json\/wp\/v2\/media\/2350"}],"wp:attachment":[{"href":"https:\/\/yevea.com\/productos\/wp-json\/wp\/v2\/media?parent=951"}],"wp:term":[{"taxonomy":"product_brand","embeddable":true,"href":"https:\/\/yevea.com\/productos\/wp-json\/wp\/v2\/product_brand?post=951"},{"taxonomy":"product_cat","embeddable":true,"href":"https:\/\/yevea.com\/productos\/wp-json\/wp\/v2\/product_cat?post=951"},{"taxonomy":"product_tag","embeddable":true,"href":"https:\/\/yevea.com\/productos\/wp-json\/wp\/v2\/product_tag?post=951"}],"curies":[{"name":"wp","href":"https:\/\/api.w.org\/{rel}","templated":true}]}}