{"id":866,"date":"2018-11-08T19:28:47","date_gmt":"2018-11-08T18:28:47","guid":{"rendered":"https:\/\/yevea.com\/productos\/?post_type=product&#038;p=866"},"modified":"2024-09-18T07:10:36","modified_gmt":"2024-09-18T06:10:36","slug":"pala-paella","status":"publish","type":"product","link":"https:\/\/yevea.com\/productos\/producto\/pala-paella\/","title":{"rendered":"74250. pala paella"},"content":{"rendered":"<p><strong>Cuchara de cocina grande de cm 100% funcional y ergon\u00f3mica.<\/strong><\/p>\n<ol>\n<li>Madera de olivo maciza<\/li>\n<li>Artesan\u00eda de autor = cada pieza es \u00fanica.<\/li>\n<li>La pala est\u00e1 hecha completamente a mano sin plantilla.<\/li>\n<li>El mango tiene forma no lineal (hecho a mano).<\/li>\n<li>La pala tiene la cabeza ligeramente c\u00f3ncava para mayor comodidad del cocinero.<\/li>\n<li>Lijado fino a mano no es perfecto, puede dejar endiduras del form\u00f3n.<\/li>\n<li>Se puede fabricar con una piro-grabaci\u00f3n personal (dedicaciones personales, felicitaciones, premios en concursos etc.)<\/li>\n<li>Sirve como:\n<ul>\n<li>La pala para cocinar paellas.<\/li>\n<li>Una cuchara de cocina en las cocinas profesionales grandes.<\/li>\n<li>El premio en los concursos de cocina (con piro-grabado).<\/li>\n<li>Un adorno especial.<\/li>\n<\/ul>\n<\/li>\n<li>\u00a1Los cocineros disfrutan usando la pala paella!<\/li>\n<\/ol>\n","protected":false},"excerpt":{"rendered":"<p>Cuchara de cocina grande de cm 100% funcional y ergon\u00f3mica. Madera de olivo maciza Artesan\u00eda de autor = cada pieza es \u00fanica. La pala est\u00e1 hecha completamente a mano sin plantilla. El mango tiene forma no lineal (hecho a mano). La pala tiene la cabeza ligeramente c\u00f3ncava para mayor comodidad del cocinero. Lijado fino a [&hellip;]<\/p>\n","protected":false},"featured_media":4446,"template":"","meta":[],"product_brand":[],"product_cat":[769],"product_tag":[132,137],"class_list":{"0":"post-866","1":"product","2":"type-product","3":"status-publish","4":"has-post-thumbnail","6":"product_cat-menaje","7":"product_tag-cucharas-espatulas","8":"product_tag-cucharas-para-cocinar","9":"product_shipping_class-menaje","11":"first","12":"outofstock","13":"taxable","14":"shipping-taxable","15":"purchasable","16":"product-type-variable","17":"has-default-attributes"},"_links":{"self":[{"href":"https:\/\/yevea.com\/productos\/wp-json\/wp\/v2\/product\/866","targetHints":{"allow":["GET"]}}],"collection":[{"href":"https:\/\/yevea.com\/productos\/wp-json\/wp\/v2\/product"}],"about":[{"href":"https:\/\/yevea.com\/productos\/wp-json\/wp\/v2\/types\/product"}],"wp:featuredmedia":[{"embeddable":true,"href":"https:\/\/yevea.com\/productos\/wp-json\/wp\/v2\/media\/4446"}],"wp:attachment":[{"href":"https:\/\/yevea.com\/productos\/wp-json\/wp\/v2\/media?parent=866"}],"wp:term":[{"taxonomy":"product_brand","embeddable":true,"href":"https:\/\/yevea.com\/productos\/wp-json\/wp\/v2\/product_brand?post=866"},{"taxonomy":"product_cat","embeddable":true,"href":"https:\/\/yevea.com\/productos\/wp-json\/wp\/v2\/product_cat?post=866"},{"taxonomy":"product_tag","embeddable":true,"href":"https:\/\/yevea.com\/productos\/wp-json\/wp\/v2\/product_tag?post=866"}],"curies":[{"name":"wp","href":"https:\/\/api.w.org\/{rel}","templated":true}]}}