{"id":850,"date":"2018-11-08T17:36:51","date_gmt":"2018-11-08T16:36:51","guid":{"rendered":"https:\/\/yevea.com\/productos\/?post_type=product&#038;p=850"},"modified":"2025-07-22T14:55:26","modified_gmt":"2025-07-22T13:55:26","slug":"lavabo-rectangular-rustico","status":"publish","type":"product","link":"https:\/\/yevea.com\/productos\/producto\/lavabo-rectangular-rustico\/","title":{"rendered":"61203. lavabo rectangular r\u00fastico"},"content":{"rendered":"<figure style=\"width: 324px\" class=\"wp-caption alignright\"><img loading=\"lazy\" decoding=\"async\" src=\"https:\/\/yevea.com\/001-vectores\/61203-MD-dibujo.svg\" width=\"324\" height=\"162\" alt=\"lavabo rectangular de gres\" class=\"size-full\" \/><figcaption class=\"wp-caption-text\">lavabo rectangular r\u00fastico mediano<\/figcaption><\/figure>\n<figure style=\"width: 324px\" class=\"wp-caption alignright\"><img loading=\"lazy\" decoding=\"async\" src=\"https:\/\/yevea.com\/001-vectores\/61203-LG-dibujo.svg\" width=\"324\" height=\"162\" alt=\"lavabo rectangular de gres\" class=\"size-full\" \/><figcaption class=\"wp-caption-text\">lavabo rectangular r\u00fastico grande<\/figcaption><\/figure>\n<h4>Un lavabo r\u00fastico rectangular<\/h4>\n<p>Lavabo moderno, rectangular de gres. El hecho de que tenga forma ge\u00f3metrica no significa que no tiene irregularidades como los dem\u00e1s lavabos artesanales. Es un modelo que une en s\u00ed la modernidad y la rusticidad de la artesan\u00eda. Modelo \u00ablavabo rectangular r\u00fastico\u00bb tiene base relativamente grande, lo que le proporiona gran estabilidad. Por otro lado su gran superficie cubre gran parte de la encimera a la cual le quita el protagonismo. Por esta raz\u00f3n el lavabo rectangular se conformar\u00eda con una encimera m\u00e1s sencilla (p.e. encimera de olivato o nogal en vez de madera de olivo). El lavabo est\u00e1 fabricado artesanalmente de gres, que es un material muy robusto. Recomendamos el gres cuando quiere comprar un lavabo para uso exterior. Se cuece a temperatura alta de 1260 \u00baC, lo que proporciona una enorme dureza e impermeabilidad. En ingl\u00e9s el gres se denomina \u00abstoneware\u00bb que se podr\u00eda traducir literalmente como \u00abvajilla de piedra\u00bb. La palabra \u00abpiedra\u00bb nos da bastante pistas de como es el lavabo de gres &#8211; duro y denso como una piedra.<\/p>\n<table>\n<caption>Caracter\u00edsticas del lavabo<\/caption>\n<tbody>\n<tr>\n<th>Nombre del modelo<\/th>\n<td>lavabo rectangular r\u00fastico<\/td>\n<\/tr>\n<tr>\n<th>Instalaci\u00f3n<\/th>\n<td>con silicona sobre encimera, combina con madera de nogal u olivato (maderas sin nudos)<\/td>\n<\/tr>\n<tr>\n<th>Material<\/th>\n<td>gres cer\u00e1mico<\/td>\n<\/tr>\n<tr>\n<th>Forma<\/th>\n<td>rectangular<\/td>\n<\/tr>\n<tr>\n<th>Superficie<\/th>\n<td>lisa, bordes rugosos<\/td>\n<\/tr>\n<tr>\n<th>Exterior<\/th>\n<td>apto<\/td>\n<\/tr>\n<tr>\n<th>Fabricaci\u00f3n<\/th>\n<td>prensado artesanal<\/td>\n<\/tr>\n<tr>\n<th>Temperatura de cocci\u00f3n<\/th>\n<td>1260 \u00baC<\/td>\n<\/tr>\n<tr>\n<th>Porosidad<\/th>\n<td>impermeable<\/td>\n<\/tr>\n<tr>\n<th>Impurezas<\/th>\n<td>frecuentes<\/td>\n<\/tr>\n<\/tbody>\n<\/table>\n","protected":false},"excerpt":{"rendered":"<p>lavabo rectangular r\u00fastico mediano lavabo rectangular r\u00fastico grande Un lavabo r\u00fastico rectangular Lavabo moderno, rectangular de gres. El hecho de que tenga forma ge\u00f3metrica no significa que no tiene irregularidades como los dem\u00e1s lavabos artesanales. Es un modelo que une en s\u00ed la modernidad y la rusticidad de la artesan\u00eda. Modelo \u00ablavabo rectangular r\u00fastico\u00bb tiene [&hellip;]<\/p>\n","protected":false},"featured_media":852,"template":"","meta":[],"product_brand":[],"product_cat":[16],"product_tag":[114,116],"class_list":{"0":"post-850","1":"product","2":"type-product","3":"status-publish","4":"has-post-thumbnail","6":"product_cat-bano","7":"product_tag-lavabos","8":"product_tag-lavabos-de-gres","10":"first","11":"onbackorder","12":"taxable","13":"shipping-taxable","14":"purchasable","15":"product-type-variable","16":"has-default-attributes"},"_links":{"self":[{"href":"https:\/\/yevea.com\/productos\/wp-json\/wp\/v2\/product\/850","targetHints":{"allow":["GET"]}}],"collection":[{"href":"https:\/\/yevea.com\/productos\/wp-json\/wp\/v2\/product"}],"about":[{"href":"https:\/\/yevea.com\/productos\/wp-json\/wp\/v2\/types\/product"}],"wp:featuredmedia":[{"embeddable":true,"href":"https:\/\/yevea.com\/productos\/wp-json\/wp\/v2\/media\/852"}],"wp:attachment":[{"href":"https:\/\/yevea.com\/productos\/wp-json\/wp\/v2\/media?parent=850"}],"wp:term":[{"taxonomy":"product_brand","embeddable":true,"href":"https:\/\/yevea.com\/productos\/wp-json\/wp\/v2\/product_brand?post=850"},{"taxonomy":"product_cat","embeddable":true,"href":"https:\/\/yevea.com\/productos\/wp-json\/wp\/v2\/product_cat?post=850"},{"taxonomy":"product_tag","embeddable":true,"href":"https:\/\/yevea.com\/productos\/wp-json\/wp\/v2\/product_tag?post=850"}],"curies":[{"name":"wp","href":"https:\/\/api.w.org\/{rel}","templated":true}]}}