{"id":846,"date":"2018-11-08T17:33:44","date_gmt":"2018-11-08T16:33:44","guid":{"rendered":"https:\/\/yevea.com\/productos\/?post_type=product&#038;p=846"},"modified":"2025-07-22T14:52:32","modified_gmt":"2025-07-22T13:52:32","slug":"lavabo-palangana","status":"publish","type":"product","link":"https:\/\/yevea.com\/productos\/producto\/lavabo-palangana\/","title":{"rendered":"612. lavabo palangana"},"content":{"rendered":"<figure style=\"width: 324px\" class=\"wp-caption alignright\"><img loading=\"lazy\" decoding=\"async\" src=\"https:\/\/yevea.com\/001-vectores\/61202-dibujo.svg\" width=\"324\" height=\"162\" alt=\"lavabo palangana\" class=\"size-full\" \/><figcaption class=\"wp-caption-text\">lavabo palangana<\/figcaption><\/figure>\n<h4>Un lavabo r\u00fastico y popular<\/h4>\n<p>Lavabo sobre encimera robusto, circular, ancho y poco profundo. Este lavabo tiene el dise\u00f1o similiar a las antiguas palanganas que junto con la jarra se utilizaban en los dormitorios principales para el aseo personal. Este modelo de lavabo de gres est\u00e1 inspirado en un palangana. La palangana es un recipiente circular, ancho y poco profundo, usado en el pasado para lavarse hasta la incorporaci\u00f3n del agua corriente en la fontaner\u00eda dom\u00e9stica. Originalmente, las palanganas sol\u00edan instalarse sobre un mueble palanganero, nosotros hemos hecho un lavabo palangana para instalar sobre la encimera de un ba\u00f1o moderno. Este modelo es muy popular. En color blanco antiguo es el modelo m\u00e1s vendido de los lavabos fabricados en gres. El lavabo es robusto y encaja perfectamente con el estilo de nuestras encimeras, tanto org\u00e1nicas y r\u00fasticas. Recomendamos el gres cuando quiere comprar un lavabo para uso exterior. El gres es un material natural compuesto de arcilla y s\u00edlice. Se cuece a temperatura alta de 1260 \u00baC, lo que proporciona una enorme dureza e impermeabilidad. En ingl\u00e9s el gres se denomina \u00abstoneware\u00bb que se podr\u00eda traducir literalmente como \u00abvajilla de piedra\u00bb. La palabra \u00abpiedra\u00bb nos da bastante pistas de como es el lavabo de gres &#8211; duro y denso como una piedra.<\/p>\n<table>\n<caption>Caracter\u00edsticas del lavabo<\/caption>\n<tbody>\n<tr>\n<th>Nombre de modelo<\/th>\n<td>lavabo bol r\u00fastico<\/td>\n<\/tr>\n<tr>\n<th>Instalaci\u00f3n<\/th>\n<td>lavabo sobre encimera de madera r\u00fastica (madera con nudos)<\/td>\n<\/tr>\n<tr>\n<th>Material<\/th>\n<td>gres cer\u00e1mico<\/td>\n<\/tr>\n<tr>\n<th>Forma<\/th>\n<td>semi-esfera &#8211; forma de bol<\/td>\n<\/tr>\n<tr>\n<th>Superficie<\/th>\n<td>por dentro lisa por fuera rugosa<\/td>\n<\/tr>\n<tr>\n<th>Exterior<\/th>\n<td>apto<\/td>\n<\/tr>\n<tr>\n<th>Fabricaci\u00f3n<\/th>\n<td>prensado artesanal<\/td>\n<\/tr>\n<tr>\n<th>Temperatura de cocci\u00f3n<\/th>\n<td>1260 \u00baC<\/td>\n<\/tr>\n<tr>\n<th>Porosidad<\/th>\n<td>impermeable<\/td>\n<\/tr>\n<tr>\n<th>Impurezas<\/th>\n<td>frecuentes<\/td>\n<\/tr>\n<\/tbody>\n<\/table>\n<table>\n<caption>Dimensiones del lavabo<\/caption>\n<tbody>\n<tr>\n<th>Di\u00e1metro exterior<\/th>\n<td>40 cm<\/td>\n<\/tr>\n<tr>\n<th>Base<\/th>\n<td>31 cm<\/td>\n<\/tr>\n<tr>\n<th>Altura<\/th>\n<td>12 cm<\/td>\n<\/tr>\n<tr>\n<th>Grosor<\/th>\n<td>2 cm<\/td>\n<\/tr>\n<tr>\n<th>Di\u00e1metro del agujero<\/th>\n<td>4,5 cm<\/td>\n<\/tr>\n<\/tbody>\n<\/table>\n","protected":false},"excerpt":{"rendered":"<p>lavabo palangana Un lavabo r\u00fastico y popular Lavabo sobre encimera robusto, circular, ancho y poco profundo. Este lavabo tiene el dise\u00f1o similiar a las antiguas palanganas que junto con la jarra se utilizaban en los dormitorios principales para el aseo personal. Este modelo de lavabo de gres est\u00e1 inspirado en un palangana. La palangana es [&hellip;]<\/p>\n","protected":false},"featured_media":848,"template":"","meta":[],"product_brand":[],"product_cat":[16],"product_tag":[114,116],"class_list":{"0":"post-846","1":"product","2":"type-product","3":"status-publish","4":"has-post-thumbnail","6":"product_cat-bano","7":"product_tag-lavabos","8":"product_tag-lavabos-de-gres","10":"first","11":"outofstock","12":"taxable","13":"shipping-taxable","14":"purchasable","15":"product-type-variable","16":"has-default-attributes"},"_links":{"self":[{"href":"https:\/\/yevea.com\/productos\/wp-json\/wp\/v2\/product\/846","targetHints":{"allow":["GET"]}}],"collection":[{"href":"https:\/\/yevea.com\/productos\/wp-json\/wp\/v2\/product"}],"about":[{"href":"https:\/\/yevea.com\/productos\/wp-json\/wp\/v2\/types\/product"}],"wp:featuredmedia":[{"embeddable":true,"href":"https:\/\/yevea.com\/productos\/wp-json\/wp\/v2\/media\/848"}],"wp:attachment":[{"href":"https:\/\/yevea.com\/productos\/wp-json\/wp\/v2\/media?parent=846"}],"wp:term":[{"taxonomy":"product_brand","embeddable":true,"href":"https:\/\/yevea.com\/productos\/wp-json\/wp\/v2\/product_brand?post=846"},{"taxonomy":"product_cat","embeddable":true,"href":"https:\/\/yevea.com\/productos\/wp-json\/wp\/v2\/product_cat?post=846"},{"taxonomy":"product_tag","embeddable":true,"href":"https:\/\/yevea.com\/productos\/wp-json\/wp\/v2\/product_tag?post=846"}],"curies":[{"name":"wp","href":"https:\/\/api.w.org\/{rel}","templated":true}]}}