{"id":844,"date":"2018-11-08T17:29:41","date_gmt":"2018-11-08T16:29:41","guid":{"rendered":"https:\/\/yevea.com\/productos\/?post_type=product&#038;p=844"},"modified":"2025-07-22T14:55:14","modified_gmt":"2025-07-22T13:55:14","slug":"lavabo-bol-rustico","status":"publish","type":"product","link":"https:\/\/yevea.com\/productos\/producto\/lavabo-bol-rustico\/","title":{"rendered":"61201. lavabo bol r\u00fastico"},"content":{"rendered":"<h4>Un lavabo de forma pr\u00e1ctica y material muy robusto<\/h4>\n<p>Modelo bol r\u00fastico es un lavabo tiene la profundidad adecuada para proteger la encimera de las salpicaduras del agua. Aunque m\u00e1s dif\u00edcil de producir, el lavabo bol r\u00fastico es nuestro favorito. El lavabo Bol es muy robusto y encaja perfectamente con el estilo de nuestras encimeras, tan org\u00e1nicas y r\u00fasticas como modernas. Este modelo no solo es el m\u00e1s robusto, sino que su forma de bol grande protege la encimera de las salpicaduras. Una peque\u00f1a desventaja de este modelo es su base relativamente peque\u00f1a, por ello se debe prestar atenci\u00f3n a la hora de instalar firmemente este lavabo sobre la encimera. Recomendamos el gres cuando quiere comprar un lavabo para uso exterior. El gres es un material natural compuesto de arcilla y s\u00edlice. Se cuece a temperatura alta de 1260 \u00baC, lo que proporciona una enorme dureza e impermeabilidad. En ingl\u00e9s el gres se denomina \u00abstoneware\u00bb que se podr\u00eda traducir literalmente como \u00abvajilla de piedra\u00bb. La palabra \u00abpiedra\u00bb nos da bastante pistas de como es el lavabo de gres &#8211; duro y denso como una piedra.<\/p>\n<table>\n<caption>Caracter\u00edsticas del lavabo<\/caption>\n<tbody>\n<tr>\n<th>Nombre de modelo<\/th>\n<td>lavabo bol r\u00fastico<\/td>\n<\/tr>\n<tr>\n<th>Instalaci\u00f3n<\/th>\n<td>lavabo sobre encimera de madera r\u00fastica (madera con nudos)<\/td>\n<\/tr>\n<tr>\n<th>Material<\/th>\n<td>gres cer\u00e1mico<\/td>\n<\/tr>\n<tr>\n<th>Forma<\/th>\n<td>semi-esfera &#8211; forma de bol<\/td>\n<\/tr>\n<tr>\n<th>Superficie<\/th>\n<td>por dentro lisa por fuera rugosa<\/td>\n<\/tr>\n<tr>\n<th>Exterior<\/th>\n<td>apto<\/td>\n<\/tr>\n<tr>\n<th>Fabricaci\u00f3n<\/th>\n<td>prensado artesanal<\/td>\n<\/tr>\n<tr>\n<th>Temperatura de cocci\u00f3n<\/th>\n<td>1260 \u00baC<\/td>\n<\/tr>\n<tr>\n<th>Porosidad<\/th>\n<td>impermeable<\/td>\n<\/tr>\n<tr>\n<th>Impurezas<\/th>\n<td>frecuentes<\/td>\n<\/tr>\n<\/tbody>\n<\/table>\n<table>\n<caption>Dimensiones del lavabo<\/caption>\n<tbody>\n<tr>\n<th>Di\u00e1metro exterior<\/th>\n<td>43 cm<\/td>\n<\/tr>\n<tr>\n<th>Base<\/th>\n<td>11 cm<\/td>\n<\/tr>\n<tr>\n<th>Altura<\/th>\n<td>20 cm<\/td>\n<\/tr>\n<tr>\n<th>Grosor<\/th>\n<td>2 cm<\/td>\n<\/tr>\n<tr>\n<th>Di\u00e1metro del agujero<\/th>\n<td>4,5 cm<\/td>\n<\/tr>\n<\/tbody>\n<\/table>\n","protected":false},"excerpt":{"rendered":"<p>Un lavabo de forma pr\u00e1ctica y material muy robusto Modelo bol r\u00fastico es un lavabo tiene la profundidad adecuada para proteger la encimera de las salpicaduras del agua. Aunque m\u00e1s dif\u00edcil de producir, el lavabo bol r\u00fastico es nuestro favorito. El lavabo Bol es muy robusto y encaja perfectamente con el estilo de nuestras encimeras, [&hellip;]<\/p>\n","protected":false},"featured_media":1608,"template":"","meta":[],"product_brand":[],"product_cat":[16],"product_tag":[114,116],"class_list":{"0":"post-844","1":"product","2":"type-product","3":"status-publish","4":"has-post-thumbnail","6":"product_cat-bano","7":"product_tag-lavabos","8":"product_tag-lavabos-de-gres","10":"first","11":"outofstock","12":"sale","13":"taxable","14":"shipping-taxable","15":"purchasable","16":"product-type-variable","17":"has-default-attributes"},"_links":{"self":[{"href":"https:\/\/yevea.com\/productos\/wp-json\/wp\/v2\/product\/844","targetHints":{"allow":["GET"]}}],"collection":[{"href":"https:\/\/yevea.com\/productos\/wp-json\/wp\/v2\/product"}],"about":[{"href":"https:\/\/yevea.com\/productos\/wp-json\/wp\/v2\/types\/product"}],"wp:featuredmedia":[{"embeddable":true,"href":"https:\/\/yevea.com\/productos\/wp-json\/wp\/v2\/media\/1608"}],"wp:attachment":[{"href":"https:\/\/yevea.com\/productos\/wp-json\/wp\/v2\/media?parent=844"}],"wp:term":[{"taxonomy":"product_brand","embeddable":true,"href":"https:\/\/yevea.com\/productos\/wp-json\/wp\/v2\/product_brand?post=844"},{"taxonomy":"product_cat","embeddable":true,"href":"https:\/\/yevea.com\/productos\/wp-json\/wp\/v2\/product_cat?post=844"},{"taxonomy":"product_tag","embeddable":true,"href":"https:\/\/yevea.com\/productos\/wp-json\/wp\/v2\/product_tag?post=844"}],"curies":[{"name":"wp","href":"https:\/\/api.w.org\/{rel}","templated":true}]}}