{"id":788,"date":"2018-11-06T19:42:10","date_gmt":"2018-11-06T18:42:10","guid":{"rendered":"https:\/\/yevea.com\/productos\/?post_type=product&#038;p=788"},"modified":"2026-04-09T12:28:29","modified_gmt":"2026-04-09T11:28:29","slug":"cuenco","status":"publish","type":"product","link":"https:\/\/yevea.com\/productos\/producto\/cuenco\/","title":{"rendered":"73301. cuenco"},"content":{"rendered":"<p>Cuenco de madera de olivo hecho por un tornero artesano a mano. La forma no sigue un c\u00edrculo perfecto, ya que est\u00e1 hecha por artesano sin plantilla &#8211; as\u00ed cada cuenco es diferente no solo por su veteado irregular, sino tambi\u00e9n por su forma no perfecta.<\/p>\n<p>Mientras los morteros de madera de olivo son muy conocidos y apreciados, los cuencos, boles y los platos de madera de olivo se conocen poco. <\/p>\n<p>\nEl uso del cuenco proviene desde los albores de la humanidad. La forma c\u00f3ncava remite al origen del hombre, la que hace la mano para coger el agua, la que acoge, la que abriga, la que procura la imborrable sensaci\u00f3n de recogimiento e intimidad. Como afirma el artista burgal\u00e9s Carlos Armi\u00f1o \u00abUn cuenco es algo espiritual, una forma de lenguaje ancestral\u00bb.\n<\/p>\n<p>\nLos cuencos de madera de olivo tienen m\u00faltiples usos en la cocina: como frutero, ensaladera, bol para batir, mezclar, amasar, como panera etc. Tradicionalmente se han utilizado los cuencos para servir aperitivos como queso, jam\u00f3n, ensaladas, pulpo a la gallega, asados de carne, etc.\n<\/p>\n<h4>Ventajas cuencos de madera de olivo:<\/h4>\n<ol>\n<li>Por su extraordinario solidez, suelen durar toda la vida, incluso pasan de una  generaci\u00f3n a otra, ganando en belleza con el paso de los a\u00f1os.\n<\/li>\n<li>\nSon pr\u00e1cticamente irrompibles son ideales para que los ni\u00f1os peque\u00f1os puedan manipular la comida y aprender a comer solos sin el peligro de romper el taz\u00f3n o el plato. Es una alternativa m\u00e1s natural y saludable que los platos de pl\u00e1stico.\n<\/li>\n<li>\nEl cuenco de olivo no transmite el calor. Puedes tomar una sopa o crema caliente en tu cuenco de madera de olivo mientras lo sujetas c\u00f3modamente con la mano sin correr el riesgo de quemarte como ocurre con los dem\u00e1s materiales.\n<\/li>\n<li>\nCuenco de olivo transmite sensaciones de paz, armon\u00eda y equilibrio imposibles de igualar con ning\u00fan material sint\u00e9tico.\n<\/li>\n<li>\nPor su especial belleza y singularidad son muy decorativos y quedar\u00e1n preciosos en cualquier rinc\u00f3n dando un toque c\u00e1lido y natural a la cocina, el sal\u00f3n, el dormitorio o el ba\u00f1o con sales, aceites, velas, piedras, hierbas arom\u00e1ticas, etc.\n<\/li>\n<\/ol>\n<div style=\"background-color: #ddd; padding: 10px 20px;\">\n<h4>Cuidados de  <strong>cuencos<\/strong> de madera de olivo<\/h4>\n<ol>\n<li>\nLavar a mano con agua y jab\u00f3n. No introducir en el lavavajillas.\n<\/li>\n<li>\nLavar los cuencos inmediatamente despu\u00e9s de usarlos. No es conveniente que la comida o los l\u00edquidos penetren en la madera.\n<\/li>\n<li>\nSeca los cuencos. Usa una pa\u00f1o de cocina o coloca los platos en un escurridor de modo que el agua no se acumule en la superficie y puedan secarse por completo al aire.\n<\/li>\n<li>\nNo dejar sumergidos en agua.\n<\/li>\n<li>\nDe vez en cuando untar con aceite de oliva. Una vez cada dos o tres meses es una buena idea.\n<\/li>\n<\/ol>\n<\/div>\n","protected":false},"excerpt":{"rendered":"<p>Cuenco de madera de olivo hecho por un tornero artesano a mano. La forma no sigue un c\u00edrculo perfecto, ya que est\u00e1 hecha por artesano sin plantilla &#8211; as\u00ed cada cuenco es diferente no solo por su veteado irregular, sino tambi\u00e9n por su forma no perfecta. Mientras los morteros de madera de olivo son muy [&hellip;]<\/p>\n","protected":false},"featured_media":3565,"template":"","meta":[],"product_brand":[],"product_cat":[769],"product_tag":[115,110],"class_list":{"0":"post-788","1":"product","2":"type-product","3":"status-publish","4":"has-post-thumbnail","6":"product_cat-menaje","7":"product_tag-vajillas","8":"product_tag-ensaladeras","9":"product_shipping_class-menaje","11":"first","12":"instock","13":"taxable","14":"shipping-taxable","15":"purchasable","16":"product-type-variable","17":"has-default-attributes"},"_links":{"self":[{"href":"https:\/\/yevea.com\/productos\/wp-json\/wp\/v2\/product\/788","targetHints":{"allow":["GET"]}}],"collection":[{"href":"https:\/\/yevea.com\/productos\/wp-json\/wp\/v2\/product"}],"about":[{"href":"https:\/\/yevea.com\/productos\/wp-json\/wp\/v2\/types\/product"}],"wp:featuredmedia":[{"embeddable":true,"href":"https:\/\/yevea.com\/productos\/wp-json\/wp\/v2\/media\/3565"}],"wp:attachment":[{"href":"https:\/\/yevea.com\/productos\/wp-json\/wp\/v2\/media?parent=788"}],"wp:term":[{"taxonomy":"product_brand","embeddable":true,"href":"https:\/\/yevea.com\/productos\/wp-json\/wp\/v2\/product_brand?post=788"},{"taxonomy":"product_cat","embeddable":true,"href":"https:\/\/yevea.com\/productos\/wp-json\/wp\/v2\/product_cat?post=788"},{"taxonomy":"product_tag","embeddable":true,"href":"https:\/\/yevea.com\/productos\/wp-json\/wp\/v2\/product_tag?post=788"}],"curies":[{"name":"wp","href":"https:\/\/api.w.org\/{rel}","templated":true}]}}