{"id":3896,"date":"2019-06-04T18:21:16","date_gmt":"2019-06-04T17:21:16","guid":{"rendered":"https:\/\/yevea.com\/productos\/?post_type=product&#038;p=3896"},"modified":"2019-12-04T21:56:32","modified_gmt":"2019-12-04T20:56:32","slug":"espejo-marco-tablones","status":"publish","type":"product","link":"https:\/\/yevea.com\/productos\/producto\/espejo-marco-tablones\/","title":{"rendered":"923. espejo con marco de tablones"},"content":{"rendered":"<h4>espejo con marco de tablones de madera de olivo con cantos naturales<\/h4>\n<ul>\n<li><b>Marco<\/b>\n<ol>\n<li>Modelo con premarco de madera m\u00e1s irregular posible<\/li>\n<li>Marco de madera de olivo maciza<\/li>\n<li>Tablones de olivo en su estado natural, con grietas y nudos sin cantear<\/li>\n<li>Tablones de olivo de grosor app. 0,5-1 cm<\/li>\n<li>Tablones cepillados, sin lijado<\/li>\n<li>Acabado de tablones: aceite para madera de olivo<\/li>\n<li>Tablones pegados sobre el tablero trasero mediante cola resistente al agua.<\/li>\n<li>Los bordes del bastidor de madera de chopo laminado en cara posterior siguen la forma natural de tabl\u00f3n superior de olivo.<\/li>\n<li>Tablones de olivo pueden ser a\u00f1adidos &#8211; dependiente lo que requiere el dise\u00f1o y que nos permite la forma del tabl\u00f3n. Las longitudes de los tablones est\u00e1n limitadas por el porte bajito del olivo. Las uniones son esteticamente agradables debido al veteado fren\u00e9tico, intr\u00ednseco de la madera de olivo.<\/li>\n<li>Tablero trasero previene desportilladuras de la luna<\/li>\n<\/ol>\n<\/li>\n<li><b>Luna<\/b>\n<ol>\n<li>Luna incolora de 4 mm de espesor<\/li>\n<li>Cantos de la luna pulidos<\/li>\n<li>Luna pegada sobre por el tablero trasero<\/li>\n<li>Luna reforzada por cara inferior del tablero de chopo laminado y pegada con silicona especial para los espejos<\/li>\n<li>Espejo no es renovable en caso de rotura, ya que la luna est\u00e1 pegada sobre el tablero con silicona<\/li>\n<\/ol>\n<\/li>\n<li><b>Dimensiones<\/b>\n<ol>\n<li>Alto del espejo variable max. 90 cm o max. 120 cm<\/li>\n<li>Ancho del espejo variable max. 70 cm hasta max. 240 cm<\/li>\n<li>Ancho de los tablones del marco variable, max. 15 cm<\/li>\n<li>Espersor del espejo:\n<ul>\n<li>tablones: min. 0,5 cm (pegados sobre el tablero)<\/li>\n<li>luna: 0,4 cm (pegada sobre el mismo tablero)<\/li>\n<li>tablero trasero: 0,9 cm <\/li>\n<li>grosor: 0,5 + 0,9 = 1,4 cm<\/li>\n<\/ul>\n<\/li>\n<\/ol>\n<\/li>\n<li><b>Dise\u00f1o<\/b>\n<p><img loading=\"lazy\" decoding=\"async\" src=\"https:\/\/yevea.com\/001-vectores\/92104-dibujo.svg\" width=\"600\" height=\"300\" class=\"alignnone size-full\" \/><\/p>\n<ol>\n<li>Alto del espejo variable debido a canto irregular (max. 90 o 120 cm).<\/li>\n<li>Alto de la luna es 60 o 90 cm, seg\u00fan la variaci\u00f3n elegida.<\/li>\n<li>Anchos de los tablones que forman el marco son variables, sin que el ancho m\u00e1ximo es 15 cm.<\/li>\n<li>Anchos de la luna posibles son desde 40 cm hasta 210 cm.<\/li>\n<li>Ancho del espejo variable debido a canto irregular, seg\u00fan la variaci\u00f3n elegida (entre max. 70 hasta max. 240 cm).<\/li>\n<li>Tablones pueden tener agujeros atravesados. Debajo del agujero se ver\u00e1 el tablero bastidor oscuro ya que el tabl\u00f3n est\u00e1 pegado sobre el tablero.<\/li>\n<li>Tablones pueden tener trozos de corteza en sus bordes<\/li>\n<li>Tablones en espejos pueden tener uniones.<\/li>\n<li>Tablones pueden tener grietas grandes y abiertas.<\/li>\n<\/ol>\n<\/li>\n<li>Producto incluye juego de fijaci\u00f3n a la pared.<\/li>\n<li>Podemos fabricar los espejos a medida.<\/li>\n<\/ul>\n","protected":false},"excerpt":{"rendered":"<p>espejo con marco de tablones de madera de olivo con cantos naturales Marco Modelo con premarco de madera m\u00e1s irregular posible Marco de madera de olivo maciza Tablones de olivo en su estado natural, con grietas y nudos sin cantear Tablones de olivo de grosor app. 0,5-1 cm Tablones cepillados, sin lijado Acabado de tablones: [&hellip;]<\/p>\n","protected":false},"featured_media":4106,"template":"","meta":[],"product_brand":[],"product_cat":[492],"product_tag":[],"class_list":{"0":"post-3896","1":"product","2":"type-product","3":"status-publish","4":"has-post-thumbnail","6":"product_cat-decoracion","8":"first","9":"instock","10":"taxable","11":"shipping-taxable","12":"purchasable","13":"product-type-variable","14":"has-default-attributes"},"_links":{"self":[{"href":"https:\/\/yevea.com\/productos\/wp-json\/wp\/v2\/product\/3896","targetHints":{"allow":["GET"]}}],"collection":[{"href":"https:\/\/yevea.com\/productos\/wp-json\/wp\/v2\/product"}],"about":[{"href":"https:\/\/yevea.com\/productos\/wp-json\/wp\/v2\/types\/product"}],"wp:featuredmedia":[{"embeddable":true,"href":"https:\/\/yevea.com\/productos\/wp-json\/wp\/v2\/media\/4106"}],"wp:attachment":[{"href":"https:\/\/yevea.com\/productos\/wp-json\/wp\/v2\/media?parent=3896"}],"wp:term":[{"taxonomy":"product_brand","embeddable":true,"href":"https:\/\/yevea.com\/productos\/wp-json\/wp\/v2\/product_brand?post=3896"},{"taxonomy":"product_cat","embeddable":true,"href":"https:\/\/yevea.com\/productos\/wp-json\/wp\/v2\/product_cat?post=3896"},{"taxonomy":"product_tag","embeddable":true,"href":"https:\/\/yevea.com\/productos\/wp-json\/wp\/v2\/product_tag?post=3896"}],"curies":[{"name":"wp","href":"https:\/\/api.w.org\/{rel}","templated":true}]}}