{"id":3882,"date":"2019-06-04T15:09:17","date_gmt":"2019-06-04T14:09:17","guid":{"rendered":"https:\/\/yevea.com\/productos\/?post_type=product&#038;p=3882"},"modified":"2026-03-11T14:00:31","modified_gmt":"2026-03-11T13:00:31","slug":"tabla-olivo","status":"publish","type":"product","link":"https:\/\/yevea.com\/productos\/producto\/tabla-olivo\/","title":{"rendered":"212. tabla de olivo macizo"},"content":{"rendered":"<ol>\n<li><a href=\"#tabla-dimensiones\">\u00bfCuales son las principales caracter\u00edsticas de tabla de olivo?<\/a><\/li>\n<li>\n<a href=\"#tabla-dimensiones\">\u00bfCuales son las dimensiones posible de las tablas de olivo?<\/a><\/li>\n<li>\n<li>\n<a href=\"#tabla-a-medida\">\u00bfSe pueden fabricar las tablas de olivo a medida?<\/a><\/li>\n<p><a href=\"#tabla-perfecta\">\u00bfEs perfecta la tabla de olivo?<\/a><\/li>\n<li>\n<a href=\"#tabla-veteado\">\u00bfSe puede elegir el veteado y color de la tabla de olivo?<\/a><\/li>\n<li>\n<a href=\"#tabla-raiz\">\u00bfEs la tabla de olivo fabricada de la ra\u00edz de olivo?<\/a><\/li>\n<li>\n<a href=\"#tabla-uso\">\u00bfPara que se usan las tablas de olivo?<\/a><\/li>\n<\/ol>\n<h2 id=\"tabla-dimensiones\">\u00bfCuales son las principales caracter\u00edsticas de tabla de olivo?<\/h2>\n<ul>\n<li><b>Material:<\/b> madera de olivo maciza<\/li>\n<li><b>Humedad:<\/b> app. 10-12%<\/li>\n<li><b>Largo \u00fanico:<\/b> 45 cm<\/li>\n<li><b>Ancho:<\/b> variable (seg\u00fan stock)<\/li>\n<li><b>Grosor actualmente disponible:<\/b> 1 cm<\/li>\n<li><b>Superficie:<\/b> tabla est\u00e1 cruda, sin lijado<\/li>\n<li><b>Grietas:<\/b> tablas pueden tener pocas grietas no profundas<\/li>\n<li><b>Forma:<\/b> tablas no est\u00e1n perfectamente escuadradas, ya que est\u00e1n aserradas con sierra de cinta.<\/li>\n<\/ul>\n<h2 id=\"tabla-dimensiones\">\u00bfCuales son las dimensiones posibles de las tablas de olivo?<\/h2>\n<p>El producto <q>tabla de olivo macizo<\/q> tiene largo \u00fanico, ancho variable y 5 grosores estandarizados para elegir (si hay stock) &#8211; seg\u00fan finalidad del proyecto. Tablas de madera de olivo vienen en dimensiones fijas por una raz\u00f3n &#8211; su medida est\u00e1 adaptada al tama\u00f1o del \u00e1rbol de olivo, un frutal peque\u00f1o. Adem\u00e1s hay que tener en cuenta que esta tabla no es un producto semi-acabado y puede que precisa un recorte a su tama\u00f1o final, ya que dimensiones son aproximadas.<\/p>\n<ul>\n<li>\n<h3><code>(largo)<\/code> Largo \u00fanico<\/h3>\n<p>Largo est\u00e1 estandarizado y no se puede elegir. Aunque no en caso de otras maderas, para madera de olivo el largo de 45 cm es considerable.<\/li>\n<li>\n<h3><code>(ancho)<\/code> Ancho variable<\/h3>\n<p>Ancho tiene  variaciones. La tabla de 12 cm ancho es estable y muy vers\u00e1til.<\/li>\n<li>\n<h3><code>(grosor)<\/code> Espesores est\u00e1ndar<\/h3>\n<\/li>\n<ul>\n<li>\n<h4><code>(0,3cm)<\/code> Grosor muy fino &#8211; ACTUALMENTE <b>NO<\/b> DISPONIBLE<\/h4>\n<p>Tabla de olivo de grosor muy fino de 0,3 cm se suele usar para los recubrimientos de todo tipo, artesan\u00eda etc. Importante es que se quede montado fijo ya que, debido a su espesor fino, se pueden doblar o romper f\u00e1cilmente.<\/li>\n<li>\n<h4><code>(1cm)<\/code> Grosor fino &#8211; EL <b>\u00daNICO<\/b> GROSOR ACTUALMENTE DISPONIBLE<\/h4>\n<p>Tabla de olivo de grosor fino de 1 cm se suele usar para los suelos todo tipo, cajas etc.<\/li>\n<li>\n<h4><code>(3cm)<\/code> Grosor medio &#8211; ACTUALMENTE <b>NO<\/b> DISPONIBLE<\/h4>\n<p>Tabla de olivo de grosor medio de 3 cm es la m\u00e1s vers\u00e1til, que sirve tanto para los proyectos de decoraci\u00f3n y artesan\u00eda, como para proyectos de carpinter\u00eda con requerimiento de fuerza estructural.<\/li>\n<li>\n<h4><code>(5cm)<\/code> Grosor grueso &#8211; ACTUALMENTE <b>NO<\/b> DISPONIBLE<\/h4>\n<p>Tabla de olivo de grosor grueso de 5 cm se aplica t\u00edpicamente para las tapas de mesa, pelda\u00f1os, encimeras de cocina, tablas de corte etc.<\/li>\n<li>\n<h4><code>(7cm)<\/code> Grosor muy grueso &#8211; ACTUALMENTE <b>NO<\/b> DISPONIBLE<\/h4>\n<p>Tabla de olivo de grosor muy grueso de 7 cm es la t\u00edpica tabla para los proyectos r\u00fasticos, en cuales se requiere un canto prominente, p.e. encimeras de ba\u00f1o, mesas r\u00fasticas, tocones de cortar carne etc. Realmente, un grosor tan grande en la madera tan dura como la del olivo, no tiene un sentido estructural, salvo su empleo por su valor est\u00e9tico para subrayar el protagonismo de la madera. En los dise\u00f1os se debe contar con el peso elevado de madera de olivo sobre todo se deben planificar bien las estructuras de soporte.<\/li>\n<\/ul>\n<p><em>Aunque algunos grosores que no est\u00e1n actualmente disponibles, producimos cantidades mayores a 250 tablas por encargo.<\/em><\/p>\n<h2 id=\"tabla-a-medida\">\u00bfSe pueden fabricar las tablas de olivo a medida?<\/h2>\n<p><img loading=\"lazy\" decoding=\"async\" src=\"https:\/\/yevea.com\/productos\/wp-content\/uploads\/tablas-madera-olivo-300x200.jpg\" alt=\"tablas de olivo sin o con grietas\" width=\"300\" height=\"200\" class=\"alignright size-medium wp-image-3689\" srcset=\"https:\/\/yevea.com\/productos\/wp-content\/uploads\/tablas-madera-olivo-300x200.jpg 300w, https:\/\/yevea.com\/productos\/wp-content\/uploads\/tablas-madera-olivo-324x216.jpg 324w, https:\/\/yevea.com\/productos\/wp-content\/uploads\/tablas-madera-olivo-416x277.jpg 416w, https:\/\/yevea.com\/productos\/wp-content\/uploads\/tablas-madera-olivo-180x120.jpg 180w, https:\/\/yevea.com\/productos\/wp-content\/uploads\/tablas-madera-olivo-768x512.jpg 768w, https:\/\/yevea.com\/productos\/wp-content\/uploads\/tablas-madera-olivo.jpg 1800w\" sizes=\"auto, (max-width: 300px) 100vw, 300px\" \/><\/p>\n<p>Unas pocas tablas no, a partir de 500 tablas, s\u00ed. Para proyectos grandes podemos fabricar tablas de medidas especiales, siempre cuando el cliente no tiene mucha prisa y no nos pide tablas de tama\u00f1os demasiado grandes, ya que estamos limitados por el tama\u00f1o del olivo. Aunque fabricamos a medida, se pueden pedir <b>solo los grosores estandarizados<\/b>, ya que secado de los tablones pre-serrados tarda muchos a\u00f1os especialmente en madera de olivo. No es posible la producci\u00f3n a medida sin grietas con la excepci\u00f3n de las tablas finas y muy finas.<\/p>\n<h2 id=\"tabla-superficie\">\u00bfC\u00f3mo es la superficie tiene la tabla de olivo?<\/h2>\n<p>La superficie de la tabla tiene grietas y muchos desperfectos como decoloraciones, nudos etc. La superficie es basta con las marcas rugosas de sierra de cinta. Las tablas vienen por defecto sin lijar y sin calibrar, por ello el grosor puede variar +\/- 2 mm en cada la tabla. Las marcas de sierra son pronunciadas y la madera de olivo se queda con un tacto \u00e1spero, no sedoso. El cliente ya puede lijar la tabla con las lijas de grano que necesite. Si el cliente quiere que las caras de tabla se queden palarelas, debe calibrarla tambi\u00e9n. Por encargo ofrecemos servicio de calibrado y lijado exteriorisandolo a terceros para cantidades mayores a 250 tablas.<\/p>\n<h2 id=\"tabla-perfecta\">\u00bfEs perfecta la tabla de olivo?<\/h2>\n<p>La tabla de olivo puede tener grietas superficiales y profundas, color y veteado irregular. M\u00e1s gruesa la tabla m\u00e1s grietas tiene. Los desperfectos no est\u00e1n tan solo en su superficie, sino su forma es imperfecta tambi\u00e9n. Es un producto fabricado con las exigencias justas para que llegue a ser utilizable en los diversos proyectos de carpinter\u00eda, pero no sirve ni para los torneros, ni como un producto acabado. Dimensiones indicadas de las tablas no pueden ser exactas, ya las tablas se est\u00e1n encogiendo y torci\u00e9ndose durante de su almacenamiento. Por ello, en el tama\u00f1o siempre procuramos proporcionar al cliente un poco m\u00e1s que dimensiones indicadas. La tabla viene del aserrado basto y no est\u00e1 escuadrada perfectamente &#8211; es decir su forma no es un rect\u00e1ngulo perfecto. Si el cliente necesita precisi\u00f3n en su proyecto, el mismo debe cortarse la tabla a su medida final con una escuadradora o sierra de disco.<\/p>\n<p><img loading=\"lazy\" decoding=\"async\" src=\"https:\/\/yevea.com\/001-vectores\/21202-dibujo.svg\" alt=\"tablas-regruesadas-cepilladas\" width=\"300\" height=\"300\" \/><\/p>\n<ol>\n<li>Grietas (incl. profundas) &#8211; permitidas<\/li>\n<li>Da\u00f1os en los cantos &#8211; permitidos<\/li>\n<li>Nudos sueltos &#8211; permitidos<\/li>\n<li>Decoloraciones naturales (p.e. del sol) &#8211; permitidas<\/li>\n<li>Da\u00f1os en los cantos &#8211; permitidos<\/li>\n<\/ol>\n<h2 id=\"tabla-veteado\">\u00bfSe puede elegir el veteado y color de la tabla de olivo?<\/h2>\n<p>No. En cada olivar hay muchos tipos de olivo con distintos tipos de veteado. La tabla de olivo revela su veteado solamente tras su acabado final. No es posible elegir un veteado o colores determinados. Las tablas se han secado al aire y est\u00e1n m\u00e1s bien grises, el veteado apenas se ve. Madera de olivo es la m\u00e1s misteriosa de las conocidas y su veteado siempre es una sorpresa. Si tiene una pre-concepci\u00f3n fija del aspecto que tiene que tener la madera, quiz\u00e1s deber\u00eda elegir una madera con caracter\u00edsticas m\u00e1s predecibles.<\/p>\n<h2 id=\"tabla-raiz\">\u00bfEs la tabla de olivo fabricada de la ra\u00edz de olivo?<\/h2>\n<p>Parece que s\u00ed, pero no lo es. Hay que entender a que se refiere la \u00abra\u00edz de olivo\u00bb. En el lenguaje profesional los carpinteros se ha introducido el t\u00e9rmino confuso de \u00abra\u00edz de olivo\u00bb hace tanto tiempo, que aparentemente ya nadie se est\u00e1 acordando que es una met\u00e1fora. El olivo tiene tanta veta retorcida, que su dibujo est\u00e1 parecido a las ra\u00edces. Por ello un carpintero convencional se puede referir a todas estas cosas: <\/p>\n<ol>\n<li>tablero de melamina con dibujo de madera veteada<\/li>\n<li>tablero aglomerado o DM chapado de fresno olivato<\/li>\n<li>tablero aglomerado o DM chapado de lupa de fresno olivato = el m\u00e1s com\u00fanmente llamado como la \u00abra\u00edz de olivo\u00bb<\/li>\n<li>tablero aglomerado o DM chapado de lupa de olivo<\/li>\n<li>madera maciza de fresno de olivato<\/li>\n<\/ol>\n<p>En Yevea, intentamos explicar pacientemente el significado de la palabra <q>ra\u00edz de olivo<\/q> en la jerga de los carpinteros. Nosotros mismos preferimos no usar este t\u00e9rmino impreciso. Si nos pilla un d\u00eda cansados de las explicaciones, es posible que con el t\u00e9rmino <q>ra\u00edz de olivo<\/q> nos referimos a:<\/p>\n<ol>\n<li>madera maciza de olivo, la cual gastamos para fabricaci\u00f3n de las tablas de grosores muy finos y finos, porque que contiene menos desperfectos.<\/li>\n<li>madera maciza de olivo centenario incl. su peana, la cual gastamos para fabricaci\u00f3n de las tablas de grosores medianos, gruesos y muy gruesos, porque tienen troncos gordos, pero contienen m\u00e1s desperfectos. Eso es lo m\u00e1s cerca que se puede llegar a una ra\u00edz de olivo. Si os hab\u00e9is fijado, el tronco de olivo centenario entero se parece a una ra\u00edz, sobre todo cerca de su peana.<\/li>\n<\/ol>\n<p><em>\u00a1En la industria de madera uno nunca se puede referir a <strong><q>ra\u00edz de olivo<\/q><\/strong> literalmente a la propia ra\u00edz de olivo!<\/em><\/p>\n<p> La propia ra\u00edz de olivo es una mezcla de ra\u00edces relativamente finos, de madera corchosa con piedras incrustadas, las cuales no se pueden trabajar en ning\u00fan caso. Las ra\u00edces de olivo son un residuo de nuestra serrer\u00eda de olivo y hasta nos cuesta quemar las en la caldera del secadero. Casi diariamente nos contactan clientes pidi\u00e9ndonos tablas de ra\u00edz de olivo. Existen incluso carpinteros profesionales quienes nos juran que mueble de la ra\u00edz de olivo aut\u00e9ntica existe. Si alguien puede ense\u00f1arnos una pieza hecha de ra\u00edz de olivo de verdad, que nos ilumine por favor. Tras haber trabajado a\u00f1os en la industria de olivo, no hemos logrado a ver ning\u00fan producto hecho de ra\u00edz de olivo de verdad, siempre ha sido un bulo &#8211; era hasta melanina chapada con papel fotogr\u00e1fico.<\/p>\n<h2 id=\"tabla-uso\">\u00bfPara que se usan las tablas de olivo?<\/h2>\n<p>Tablas de olivo se usan para todo tipo de proyectos &#8211; tableros, paneles, revestimientos, muebles, cajas decorativas, productos de artesan\u00eda etc. El comprador t\u00edpico es un carpintero, arquitecto, decorador o un artesano. Las tablas de olivo no las recomendamos a los quienes to tienen la posibilidad de trabajar la madera, ya que no se trata de un producto final. Cada cliente se trabaja la tabla seg\u00fan su proyecto &#8211; corta, lija, barniza&#8230;<\/p>\n","protected":false},"excerpt":{"rendered":"<p>\u00bfCuales son las principales caracter\u00edsticas de tabla de olivo? \u00bfCuales son las dimensiones posible de las tablas de olivo? \u00bfSe pueden fabricar las tablas de olivo a medida? \u00bfEs perfecta la tabla de olivo? \u00bfSe puede elegir el veteado y color de la tabla de olivo? \u00bfEs la tabla de olivo fabricada de la ra\u00edz [&hellip;]<\/p>\n","protected":false},"featured_media":1780,"template":"","meta":[],"product_brand":[],"product_cat":[235],"product_tag":[],"class_list":{"0":"post-3882","1":"product","2":"type-product","3":"status-publish","4":"has-post-thumbnail","6":"product_cat-madera","8":"first","9":"outofstock","10":"taxable","11":"shipping-taxable","12":"purchasable","13":"product-type-variable","14":"has-default-attributes"},"_links":{"self":[{"href":"https:\/\/yevea.com\/productos\/wp-json\/wp\/v2\/product\/3882","targetHints":{"allow":["GET"]}}],"collection":[{"href":"https:\/\/yevea.com\/productos\/wp-json\/wp\/v2\/product"}],"about":[{"href":"https:\/\/yevea.com\/productos\/wp-json\/wp\/v2\/types\/product"}],"wp:featuredmedia":[{"embeddable":true,"href":"https:\/\/yevea.com\/productos\/wp-json\/wp\/v2\/media\/1780"}],"wp:attachment":[{"href":"https:\/\/yevea.com\/productos\/wp-json\/wp\/v2\/media?parent=3882"}],"wp:term":[{"taxonomy":"product_brand","embeddable":true,"href":"https:\/\/yevea.com\/productos\/wp-json\/wp\/v2\/product_brand?post=3882"},{"taxonomy":"product_cat","embeddable":true,"href":"https:\/\/yevea.com\/productos\/wp-json\/wp\/v2\/product_cat?post=3882"},{"taxonomy":"product_tag","embeddable":true,"href":"https:\/\/yevea.com\/productos\/wp-json\/wp\/v2\/product_tag?post=3882"}],"curies":[{"name":"wp","href":"https:\/\/api.w.org\/{rel}","templated":true}]}}