{"id":3501,"date":"2019-05-09T13:41:36","date_gmt":"2019-05-09T12:41:36","guid":{"rendered":"https:\/\/yevea.com\/productos\/?post_type=product&#038;p=3501"},"modified":"2025-02-22T14:24:03","modified_gmt":"2025-02-22T13:24:03","slug":"aceite-tratamiento-madera","status":"publish","type":"product","link":"https:\/\/yevea.com\/productos\/producto\/aceite-tratamiento-madera\/","title":{"rendered":"219. aceite de tratamiento de madera"},"content":{"rendered":"<h4>Lata de 1000 ml de aceite de tratamiento de madera <strong>Yevea Timberoil<\/strong><\/h4>\n<h4>Uso del aceite para proteger la madera<\/h4>\n<p>La madera es usada por el hombre desde el principio de los tiempos para construir herramientas, utensilios de cocina, mobiliario, construcci\u00f3n, embarcaciones, y un largo etc\u00e9tera. de hecho, los \u00fanicos materiales disponibles durante miles de a\u00f1os fueron la madera, la tierra o piedras o productos obtenidos de las plantas y animales.<\/p>\n<h4>Aceite protege madera de la humedad<\/h4>\n<p>En Yevea seguimos utilizando la madera natural para todos nuestros proyectos. Una caracter\u00edstica que tiene la madera natural es que es hidr\u00f3scopa, es decir absorbe o pierde humedad hasta encontrar un equilibrio con la humedad del ambiente que la rodea. La madera absorbe la humedad en forma de vapor de agua, cuando absorbe humedad se dilata (se hincha) y cuando la pierde se contrae. Dado que el grado de humedad en nuestro hogar no es el mismo en todas las \u00e9pocas del a\u00f1o, incluso en Espa\u00f1a var\u00eda considerablemente entre el d\u00eda y la noche, la madera se va a expandir cuando absorba humedad del ambiente y se va a contraer cuando pongamos la calefacci\u00f3n o suban las temperaturas en primavera y verano. Estos cambios de humedad son especialmente importantes en el cuarto de ba\u00f1o, d\u00f3nde cuando nos duchamos el vapor invade todo el ba\u00f1o y acto seguido abrimos puertas y ventanas o activamos la calefacci\u00f3n.<\/p>\n<h4>Aceite mantiene flexibilidad de la madera<\/h4>\n<p>De cualquier modo de forma m\u00e1s suave o m\u00e1s brusca la madera va a estar sometida a este tipo de movimientos. Si impermeabilizamos la madera con lacas o barnices el resultado es que la humedad tarda m\u00e1s en entrar dentro, pero acaba entrando y cuando lo hace no puede salir porque la superficie est\u00e1 sellada. La madera es una materia viva y necesita respirar, es decir dejar que ese vapor de agua entre y salga por los poros. Por otra parte el barniz crea capas r\u00edgidas, poco o nada flexibles que con el paso del tiempo y muchas contracciones y expansiones termina resquebraj\u00e1ndose lo que conducir\u00e1 a un aspecto afeado y deteriorado de nuestro tablero de madera.<\/p>\n<h4>Madera de olivo y la humedad<\/h4>\n<p>La madera de olivo, al igual que otras maderas muy duras, son las mejores para soportar la humedad. Una de las caracter\u00edsticas de la madera de olivo es que es una madera muy compacta, tiene micro-poros, por lo que el espacio disponible para retener el agua es muy peque\u00f1o en relaci\u00f3n a otras maderas m\u00e1s blandas. Es importante saber que la madera est\u00e1 compuesta, sobre todo, de celulosa, hemicelulosa y lignina. La celulosa es la encargada de absorber grandes cantidades de agua, mientras que la lignina la repele. Los \u00e1rboles de crecimiento r\u00e1pido tienen mucha albura (madera joven exterior), rica en celulosa y almidones y poco duramen (madera m\u00e1s antigua en el centro) rica en lignina y taninos por lo que su madera, absorbe el agua con facilidad. Sin embargo, el olivo un \u00e1rbol de crecimiento extraordinariamente lento, con muy poca albura (madera joven) y mucho duramen (madera antigua) rico en lignina y taninos hace que repela la humedad. Esto no quiere decir que la madera de olivo sea insensible a los cambios de humedad, el adaptarse a la humedad del ambiente es una caracter\u00edstica intrinseca de todas las maderas. Unicamente las maderas muy duras procedentes de \u00e1rboles de crecimiento lento tienen mayor resistencia que las maderas blandas o procedentes de \u00e1rboles de crecimiento r\u00e1pido.<\/p>\n<h4>Aceite no plastifica la madera<\/h4>\n<p>El barniz plastifica la madera, con lo que pierde su aspecto y tacto natural, no permite que la madera respire, y con el tiempo y el movimiento de la madera se afea tanto que hay que volver a lijar y barnizar toda la pieza. Cuando se trabaja con otro tipos de tableros, con chapa natural o sint\u00e9tica es una buena soluci\u00f3n porque esos productos est\u00e1n \u201cmuertos\u201d  y no se mueven. En el caso de los tableros chapados con chapa de madera natural, el espesor de la chapa es de apenas unas micras por lo que es necesario proteger la superficie con barniz o poliuretano para crear una capa dura, r\u00edgida y resistente para protegerla.<\/p>\n<h3>Yevea Timberoil<\/h3>\n<p>En Yevea tratados e impermeabilizados con aceite de tratamiento Yevea Timber Oil todos los productos de madera de olivo, porque consideramos que es la forma m\u00e1s antigua y natural de tratar la madera. La madera va absorbiendo los aceites, estos se filtran en el interior, rellenan los poros, sellando la madera y evitando de esta forma que absorba agua y que se  desarrollen mohos que pueden terminar pudriendo la madera. Hemos dedicado a\u00f1os a desarrollar un aceite ideal para el tratamiento de la madera de olivo. Un compuesto fundamental de nuestro aceite Yevea Timber Oil es el  aceite de Tung. El aceite de Tung se extrae de la fruta de la nuez china Tung (Aleurites fordii). Debido a su excelente calidad, el aceite de Tung se conoce desde tiempos inmemoriales como \u00abaceite de madera\u00bb.<\/p>\n<h4>Caracter\u00edsticas de aceite Yevea Timberoil<\/h4>\n<p> Las caracter\u00edsticas principales del aceite de tratamiento Yevea Timber Oil son:<\/p>\n<ol>\n<li>No es t\u00f3xico por lo que se puede emplear en mesas, encimeras de cocina, tablas de corte, cubiertos, cuencos, platos o cualquier superficie que tenga contacto con los alimentos. <\/li>\n<li>Penetra profundamente en los poros de la madera, llen\u00e1ndose y luego endureciendose mientras se seca.<\/li>\n<li>Aporta resistencia mec\u00e1nica y gran resistencia a la humedad (consigue aproximadamente el doble de protecci\u00f3n que el aceite de linaza).<\/li>\n<li>Tiene menos peso molecular, que otros aceites, es decir sus mol\u00e9culas son m\u00e1s peque\u00f1as por lo que penetra dentro de la madera con mayor facilidad.<\/li>\n<li>El acabado es pr\u00e1cticamente mate, ligeramente satinado.<\/li>\n<li>Profundiza el color y aumenta el contraste de la veta. Sin embargo, la madera conserva el aspecto y textura naturales.<\/li>\n<li>La elasticidad de este aceite es permanente, no se hace r\u00edgido con el paso de tiempo y a diferencia del aceite de linaza, apenas oscurece la madera.<\/li>\n<li>Aceite Yevea Timber Oil, deja un tacto natural y aterciopelado, permite que la madera respire, es flexible, por lo que asimila el movimiento sin resquebrajarse y nutre e hidrata la madera de manera natural, manteni\u00e9ndola siempre bonita.\n<li>Consigue un acabado muy bueno y con alta protecci\u00f3n al desgaste y la contaminaci\u00f3n.<\/li>\n<li>Es adecuado para muebles, muebles de jard\u00edn, suelos, torneados, instrumentos musicales, juguetes de madera y embarcaciones de madera, as\u00ed como la impermeabilizaci\u00f3n de materiales de construcci\u00f3n (la conservaci\u00f3n de la Gran Muralla se debe al aceite de Tung).<\/li>\n<\/ol>\n<h4>\u00bfC\u00f3mo tratar la madera con el aceite? <\/h4>\n<p>para tratar la madera con aceite se deben seguir las siguientes instrucciones<\/p>\n<p><strong>A) Como utilizar aceite de tratamiento para el mantenimiento de superficies ya tratadas:<\/strong><\/p>\n<ol>\n<li>Los productos salen de nuestras instalaciones con dos capas de aceite de tratamiento pero es conveniente para mantener la madera impermeabilizada y nutrida hacer un mantenimiento.<\/li>\n<li>Limpiamos el tablero de cualquier resto de suciedad o polvo.<\/li>\n<li>Repartimos una peque\u00f1a cantidad de aceite de tratamiento Yevea Timber Oil por la superficie del tablero. Con un hilo de producto a lo largo de la superficie es suficiente.<\/li>\n<li>Extendemos muy bien el aceite con una servilleta de papel o pa\u00f1o de algod\u00f3n por toda la superficie.<\/li>\n<li>Intenta ser lo m\u00e1s exhaustivo posible en cuanto a la homogeneizaci\u00f3n, que no queden partes bien cubiertas y otras descuidadas.<\/li>\n<li>Despu\u00e9s eliminar el exceso y frotar con un pa\u00f1o de forma exhaustiva hasta eliminar todo el sobrante.<\/li>\n<li>No debe quedar ning\u00fan rastro de aceite porque solidifica y los excesos se ver\u00e1n por encima de la madera como peque\u00f1as balsas.<\/li>\n<li>Es por ello muy importante <strong>secar totalmente la madera, frotar durante 4-5 minutos<\/strong>.<\/li>\n<li>Este aceite est\u00e1 ideado para trabajar por capas para que vaya profundizando en la madera poco a poco.<\/li>\n<li>Durante las cuatro primeras semanas aconsejamos poner un poco de aceite una vez a la semana.<\/li>\n<li>Despu\u00e9s ser\u00e1 suficiente con realizar el mantenimiento una vez cada seis  meses. Todo depender\u00e1 del uso que se le d\u00e9, contacto con la humedad, temperatura y exposici\u00f3n a fuentes de calor directas, etc.<\/li>\n<li>De cualquier forma, no es una regla matem\u00e1tica, la madera est\u00e1 viva y es como nuestra piel, si observamos que la madera empieza a resecarse y a bajar la luminosidad de sus tonos, es el momento de ponerle una peque\u00f1a cantidad de aceite. No nos llevar\u00e1 m\u00e1s de 5 minutos. <\/li>\n<li>Para comprobar si has puesto aceite suficiente, haz la prueba de la gota de agua: deja caer una gota sobre la madera, y observa su comportamiento. Si la madera la absorbe, necesitas ponerle un poco m\u00e1s aceite. Si la repele\u2026 \u00a1ya lo tienes protegido!<\/li>\n<li>El aceite Yevea Timber Oil tiene un olor caracter\u00edstico, no muy agradable, procedente del aceite de Tung pero despu\u00e9s de secarse desaparece.<\/li>\n<li>ATENCI\u00d3N!!! Es un aceite de nuez por lo que al contactar de forma directa con la piel, puede causar irritaci\u00f3n o reacciones al\u00e9rgicas a personas al\u00e9rgicas a las nueces o frutos secos. Una vez seco, la pel\u00edcula de aceite es qu\u00edmicamente estable y el peligro desaparece<\/li>\n<\/ol>\n<p><strong>B) Como utilizar aceite de tratamiento por primera vez en madera cruda:<\/strong><\/p>\n<ol>\n<li>Elegir una zona ventilada y limpia de polvo, libre de corrientes de aire que puedan arrastrar suciedad para  evitar que se adhiera a la superficie. <\/li>\n<li>Preparar el \u00e1rea de trabajo, poniendo un cart\u00f3n o pl\u00e1stico para proteger la superficie donde vamos a apoyar el tablero que vamos a tratar.<\/li>\n<li>Colocar el tablero por uno de sus lados, si tiene una cara buena y una mala empezamos por la cara mala.<\/li>\n<li>Con un pa\u00f1o limpiamos el polvo y cualquier resto que quede de serr\u00edn en grietas o cualquier superficie.<\/li>\n<li>Extendemos el aceite con una brocha de izquierda a derecha por toda la superficie de manera uniforme. \t<\/li>\n<li>Despu\u00e9s quitamos el sobrante con un poco de papel de cocina o con un pa\u00f1o. Tomamos un segundo pa\u00f1o limpio y frotamos durante unos minutos hasta asegurarnos que la superficie est\u00e1 completamente seca al tacto.<\/li>\n<li>Le damos la vuelta al tablero y repetimos la operaci\u00f3n por este lado.<\/li>\n<li>Primero limpiamos la superficie, aplicamos el aceite con brocha, quitamos el sobrante frotando con un pa\u00f1o y terminas de secar totalmente con el segundo pa\u00f1o.<\/li>\n<li>Dejamos la pieza secar al menos una hora y repetimos todo el proceso. Repetimos esta operaci\u00f3n 4 o 5 veces.<\/li>\n<li>Si queremos te\u00f1ir la madera con un tinte al agua deber\u00e1n pasar al menos doce horas antes de aplicar el aceite.<\/li>\n<li>Si el tablero va a tener mucho desgaste o va a estar en el exterior se deben aplicar entre 7-10 capas de aceite. Este elsistema que se utiliza para impermeabilizar los cascos de los barcos. Se puede lijar con una lija muy suave entre capa y capa.<\/li>\n<\/ol>\n<p>.<\/p>\n","protected":false},"excerpt":{"rendered":"<p>Lata de 1000 ml de aceite de tratamiento de madera Yevea Timberoil Uso del aceite para proteger la madera La madera es usada por el hombre desde el principio de los tiempos para construir herramientas, utensilios de cocina, mobiliario, construcci\u00f3n, embarcaciones, y un largo etc\u00e9tera. de hecho, los \u00fanicos materiales disponibles durante miles de a\u00f1os [&hellip;]<\/p>\n","protected":false},"featured_media":3503,"template":"","meta":[],"product_brand":[],"product_cat":[235],"product_tag":[],"class_list":{"0":"post-3501","1":"product","2":"type-product","3":"status-publish","4":"has-post-thumbnail","6":"product_cat-madera","7":"product_shipping_class-accesorios","9":"first","10":"outofstock","11":"taxable","12":"shipping-taxable","13":"purchasable","14":"product-type-simple"},"_links":{"self":[{"href":"https:\/\/yevea.com\/productos\/wp-json\/wp\/v2\/product\/3501","targetHints":{"allow":["GET"]}}],"collection":[{"href":"https:\/\/yevea.com\/productos\/wp-json\/wp\/v2\/product"}],"about":[{"href":"https:\/\/yevea.com\/productos\/wp-json\/wp\/v2\/types\/product"}],"wp:featuredmedia":[{"embeddable":true,"href":"https:\/\/yevea.com\/productos\/wp-json\/wp\/v2\/media\/3503"}],"wp:attachment":[{"href":"https:\/\/yevea.com\/productos\/wp-json\/wp\/v2\/media?parent=3501"}],"wp:term":[{"taxonomy":"product_brand","embeddable":true,"href":"https:\/\/yevea.com\/productos\/wp-json\/wp\/v2\/product_brand?post=3501"},{"taxonomy":"product_cat","embeddable":true,"href":"https:\/\/yevea.com\/productos\/wp-json\/wp\/v2\/product_cat?post=3501"},{"taxonomy":"product_tag","embeddable":true,"href":"https:\/\/yevea.com\/productos\/wp-json\/wp\/v2\/product_tag?post=3501"}],"curies":[{"name":"wp","href":"https:\/\/api.w.org\/{rel}","templated":true}]}}