{"id":3442,"date":"2019-05-04T20:19:18","date_gmt":"2019-05-04T19:19:18","guid":{"rendered":"https:\/\/yevea.com\/productos\/?post_type=product&#038;p=3442"},"modified":"2023-12-14T21:11:04","modified_gmt":"2023-12-14T20:11:04","slug":"paleta","status":"publish","type":"product","link":"https:\/\/yevea.com\/productos\/producto\/paleta\/","title":{"rendered":"Paleta"},"content":{"rendered":"<figure style=\"width: 640px\" class=\"wp-caption alignnone\"><img loading=\"lazy\" decoding=\"async\" src=\"https:\/\/yevea.com\/001-vectores\/74207-dibujo.svg\" width=\"640\" height=\"320\" alt=\"paleta de cocina de madera de olivo\" class=\"size-full\" \/><figcaption class=\"wp-caption-text\">paleta de cocina de madera de olivo<\/figcaption><\/figure>\n<ol>\n<li>el mango no tienen cantos perfectos, ni rectos &#8211; ya que est\u00e1 hecho a mano sin plantilla<\/li>\n<li>Los chaflanes est\u00e1n fresados para que no se astille la madera<\/li>\n<li>la punta puede ser asim\u00e9trica<\/li>\n<\/ol>\n<ul>\n<li>Se aprecian las marcas de lijado y las irregularidades de la madera<\/li>\n<li>Se produce sin plantilla completamente a mano<\/li>\n<li>Largo mmin. 25 cm<\/li>\n<li>Ancho app. 5-6 cm<\/li>\n<\/ul>\n","protected":false},"excerpt":{"rendered":"<p>el mango no tienen cantos perfectos, ni rectos &#8211; ya que est\u00e1 hecho a mano sin plantilla Los chaflanes est\u00e1n fresados para que no se astille la madera la punta puede ser asim\u00e9trica Se aprecian las marcas de lijado y las irregularidades de la madera Se produce sin plantilla completamente a mano Largo mmin. 25 [&hellip;]<\/p>\n","protected":false},"featured_media":3443,"template":"","meta":[],"product_brand":[],"product_cat":[769],"product_tag":[132,135],"class_list":{"0":"post-3442","1":"product","2":"type-product","3":"status-publish","4":"has-post-thumbnail","6":"product_cat-menaje","7":"product_tag-cucharas-espatulas","8":"product_tag-giradoras","9":"product_shipping_class-menaje","11":"first","12":"onbackorder","13":"taxable","14":"shipping-taxable","15":"purchasable","16":"product-type-simple"},"_links":{"self":[{"href":"https:\/\/yevea.com\/productos\/wp-json\/wp\/v2\/product\/3442","targetHints":{"allow":["GET"]}}],"collection":[{"href":"https:\/\/yevea.com\/productos\/wp-json\/wp\/v2\/product"}],"about":[{"href":"https:\/\/yevea.com\/productos\/wp-json\/wp\/v2\/types\/product"}],"wp:featuredmedia":[{"embeddable":true,"href":"https:\/\/yevea.com\/productos\/wp-json\/wp\/v2\/media\/3443"}],"wp:attachment":[{"href":"https:\/\/yevea.com\/productos\/wp-json\/wp\/v2\/media?parent=3442"}],"wp:term":[{"taxonomy":"product_brand","embeddable":true,"href":"https:\/\/yevea.com\/productos\/wp-json\/wp\/v2\/product_brand?post=3442"},{"taxonomy":"product_cat","embeddable":true,"href":"https:\/\/yevea.com\/productos\/wp-json\/wp\/v2\/product_cat?post=3442"},{"taxonomy":"product_tag","embeddable":true,"href":"https:\/\/yevea.com\/productos\/wp-json\/wp\/v2\/product_tag?post=3442"}],"curies":[{"name":"wp","href":"https:\/\/api.w.org\/{rel}","templated":true}]}}