{"id":3036,"date":"2019-04-18T22:22:44","date_gmt":"2019-04-18T21:22:44","guid":{"rendered":"https:\/\/yevea.com\/productos\/?post_type=product&#038;p=3036"},"modified":"2025-12-04T17:18:04","modified_gmt":"2025-12-04T16:18:04","slug":"encimera-cocina-olivo","status":"publish","type":"product","link":"https:\/\/yevea.com\/productos\/producto\/encimera-cocina-olivo\/","title":{"rendered":"314. encimera de cocina de madera de olivo"},"content":{"rendered":"<h4>Encimera de madera de olivo con canto frontal r\u00fastico o recto<\/h4>\n<ol>\n<li>encimera de madera de olivo maciza<\/li>\n<li>canto frontal: <strong>r\u00fastico o recto<\/strong><\/li>\n<li>cantos laterales: siempre rectos<\/li>\n<li>canto trasero: siempre recto<\/li>\n<li>grosores est\u00e1ndar: <strong>3 cm, 5 cm, 7 cm<\/strong><\/li>\n<li>profundo recomendado: <strong>min 62<\/strong><\/li>\n<li>dimensiones para canto r\u00fastico son aproximados<\/li>\n<li>dimensiones para cantos rectos son reales<\/li>\n<li>encimera necesita estructura de soporte &#8211; un mueble o escuadras fuertes<\/li>\n<li>La encimera de cocina tiene 3 tipos de acabado:\n<ol>\n<li>cara superior <b>(a)<\/b>:\n<ul>\n<li>lijado medio fino (120)<\/li>\n<li>grietas rellenas con resina<\/li>\n<li>acabado con poliuretano mate<\/li>\n<\/ul>\n<\/li>\n<li>cara inferior <b>(b)<\/b>:\n<ul>\n<li>sin lijado<\/li>\n<li>agujeros y grietas rellenas con masilla o sin rellenar<\/li>\n<li>acabado con poliuretano mate<\/li>\n<\/ul>\n<\/li>\n<li>cantos <b>(c)<\/b>:\n<ul>\n<li>crudo, amolado o lijado grueso<\/li>\n<li>agujeros y grietas rellenas con masilla o sin rellenar<\/li>\n<li>acabado con poliuretano mate<\/li>\n<\/ul>\n<\/li>\n<\/ol>\n<p>\n<strong>\u00a1Producimos encimeras de cocina en formas y dimensiones seg\u00fan dibujo del cliente (con el recargo) \u2013 pide el presupuesto!<\/strong><\/p>\n","protected":false},"excerpt":{"rendered":"<p>Encimera de madera de olivo con canto frontal r\u00fastico o recto encimera de madera de olivo maciza canto frontal: r\u00fastico o recto cantos laterales: siempre rectos canto trasero: siempre recto grosores est\u00e1ndar: 3 cm, 5 cm, 7 cm profundo recomendado: min 62 dimensiones para canto r\u00fastico son aproximados dimensiones para cantos rectos son reales encimera [&hellip;]<\/p>\n","protected":false},"featured_media":10011,"template":"","meta":[],"product_brand":[],"product_cat":[107],"product_tag":[],"class_list":{"0":"post-3036","1":"product","2":"type-product","3":"status-publish","4":"has-post-thumbnail","6":"product_cat-cocina","8":"first","9":"instock","10":"taxable","11":"shipping-taxable","12":"purchasable","13":"product-type-variable","14":"has-default-attributes"},"_links":{"self":[{"href":"https:\/\/yevea.com\/productos\/wp-json\/wp\/v2\/product\/3036","targetHints":{"allow":["GET"]}}],"collection":[{"href":"https:\/\/yevea.com\/productos\/wp-json\/wp\/v2\/product"}],"about":[{"href":"https:\/\/yevea.com\/productos\/wp-json\/wp\/v2\/types\/product"}],"wp:featuredmedia":[{"embeddable":true,"href":"https:\/\/yevea.com\/productos\/wp-json\/wp\/v2\/media\/10011"}],"wp:attachment":[{"href":"https:\/\/yevea.com\/productos\/wp-json\/wp\/v2\/media?parent=3036"}],"wp:term":[{"taxonomy":"product_brand","embeddable":true,"href":"https:\/\/yevea.com\/productos\/wp-json\/wp\/v2\/product_brand?post=3036"},{"taxonomy":"product_cat","embeddable":true,"href":"https:\/\/yevea.com\/productos\/wp-json\/wp\/v2\/product_cat?post=3036"},{"taxonomy":"product_tag","embeddable":true,"href":"https:\/\/yevea.com\/productos\/wp-json\/wp\/v2\/product_tag?post=3036"}],"curies":[{"name":"wp","href":"https:\/\/api.w.org\/{rel}","templated":true}]}}