{"id":2843,"date":"2019-04-13T19:45:44","date_gmt":"2019-04-13T18:45:44","guid":{"rendered":"https:\/\/yevea.com\/productos\/?post_type=product&#038;p=2843"},"modified":"2024-09-19T21:01:06","modified_gmt":"2024-09-19T20:01:06","slug":"encimera-olivato","status":"publish","type":"product","link":"https:\/\/yevea.com\/productos\/producto\/encimera-olivato\/","title":{"rendered":"622. encimera de olivato"},"content":{"rendered":"<h4>Encimera de madera de olivato con canto frontal natural<\/h4>\n<h4 style=\"color:red;\">\n<ul>\n<li><strong>Canto natural:<\/strong> El canto frontal ya no se produce con el olivo macizo a\u00f1adido, sino es del olivato mismo. En la im\u00e1gen se puede apreciar un canto natural real, que es m\u00e1s recto que el del olivo.<\/li>\n<li><strong>Color de madera:<\/strong> El olivato tiene m\u00e1s albura, madera m\u00e1s clara y veta m\u00e1s recta que el olivo. Para tener una idea sobre color de la madera de olivato, por favor vea las fotos publicadas.<\/li>\n<\/ul>\n<\/h4>\n<p>Canto frontal es natural de olivato macizo. A diferencia de canto r\u00fastico de olivo (este producto no lo tiene), canto natural de olivato es m\u00e1s <q>suave<\/q>, no tan r\u00fastico como en caso de olivo macizo.<\/p>\n<p>\nOlivato macizo es lo que los carpinteros suelen llamar \u00abolivo\u00bb u \u00abolivato\u00bb, pero no es madera de olivo (Olea europaea) aut\u00e9ntica sino madera de fresno olivato (Fraxinus excelsior). Fresno olivato es la madera que m\u00e1s se asemeja a la madera de olivo. Aunque Yevea el mayor fabricante de tableros de madera de olivo aut\u00e9ntica, ofrecemos este producto como alternativa barata para los presupuestos m\u00e1s ajustados. A veces, los clientes piden presupuestos para su proyecto a unos cuantos productores. En los presupuestos de la competencia se suele denominar \u00abolivo\u00bb precisamente esta madera de fresno olivato. Precio de olivato por metro c\u00fabico es app. 9 veces m\u00e1s bajo que el de olivo. Olivato se distingue del olivo en<\/p>\n<ul>\n<li>Grosor est\u00e1ndar: <strong>5 cm<\/strong><\/li>\n<li>Amplitud de dimensiones para elegir &#8211; producto muy polivalente apto para los proyectos muy especiales<\/li>\n<li>Dimensiones para canto frontal r\u00fastico son aproximados<\/li>\n<li>Dimensiones en caso de ambos cantos laterales rectos son reales<\/li>\n<li>Encimera necesita estructura de soporte &#8211; un mueble o escuadras fuertes<\/li>\n<li>Encimera aserrada a medida distinta de la est\u00e1ndar o con agujeros taladrados se considera un producto fabricado a medida<\/li>\n<\/ul>\n<p>Algunos carpinteros suelen llamar \u201colivo\u201d al \u201colivato\u201d, pero este no \u00e9s madera procedente de lo que todos conocemos como olivo, el \u00e1rbol que produce nuestro valioso aceite de oliva. Procede del  fresno europeo.  Le llaman as\u00ed porque aunque su madera joven es m\u00e1s blanca que el olivo,  el duramen, situado en la m\u00e9dula, tiene una veta similar al olivo. El \u00abolivato\u00bb tiene una dureza similar al haya y mayor que el nogal o el cerezo, pero la mitad que el olivo, que es una de las maderas m\u00e1s duras . En cuanto a la veta, el olivato tiene menos veta que el olivo y el contraste entre las zonas claras (albura) y de veta (duramen) es m\u00e1s pronunciado. Aunque actualmente Yevea es el principal fabricante de tableros de madera de olivo, ofrecemos este producto como alternativa barata para los presupuestos m\u00e1s ajustados. A veces, los clientes piden presupuestos para su proyecto a unos cuantos productores. En los presupuestos de la competencia se suele denominar \u201colivo\u201d precisamente esta madera de \u00abfresno olivato\u00bb. El precio del fresno olivato por metro c\u00fabico es app. 9 veces m\u00e1s bajo que el del olivo, por ello es importante estar bien informados de la madera que compramos, y en consonancia el precio que pagamos por ella.\n<\/p>\n<h4>Diferencias principales entre el olivo y el olivato:<\/h4>\n<ul>\n<li>El fresno se siembra para la explotaci\u00f3n de su madera mientras que el olivo es un frutal y la madera es un subproducto que se obtiene de \u00e9l cuando el \u00e1rbol deja de ser productivo. <\/li>\n<li>El fresno debido a su tama\u00f1o, nos da tablones m\u00e1s largos en una sola pieza que el olivo.<\/li>\n<li>El fresno es la mitad de duro que el olivo, aunque m\u00e1s que el nogal y el cerezo. Su dureza es similar al haya.<\/li>\n<li>El fresno no tiene nudos y se agrieta menos que el olivo<\/li>\n<li>El fresno es menos pesado que el olivo<\/li>\n<li>La veta del olivo es irregular y retorcida y se reparte de forma heterog\u00e9nea por todo el tabl\u00f3n. El fresno tiene veta \u00fanicamente en el coraz\u00f3n del tronco, por lo que los tablones tienen, de forma longitudinal, una parte \u00abclarita\u00bb, sin veta, y otra con veta.  Visualmente podemos observar la veta repartida en forma de \u00abfranjas\u00bb.<\/li>\n<li>La \u00abalbura\u00bb o madera joven, sin veta o con menos veta, en el olivo es de color miel en distintas tonalidades, mientras que la del fresno olivato es mucho m\u00e1s  clara, en tonos que van del blanco al amarillento, por lo que el contraste entre la zona con veta y sin veta es mayor.<\/li>\n<li> El olivato tiene bastante menos veta que el olivo, por lo que si queremos asegurar que tenga veta, es recomendable usarlo para hacer tableros grandes. En tablas peque\u00f1as es probable que solo tengamos albura.<\/li>\n<li>Un m3 de madera de olivo es 9 veces m\u00e1s cara que un m3 de madera de fresno.<\/li>\n<\/ul>\n<h4>Porqu\u00e9 el olivato es m\u00e1s barato que el olivo:<\/h4>\n<ul>\n<li>El olivo es un \u00e1rbol de secano de crecimiento muy lento, mientras que el fresno, es un \u00e1rbol de crecimiento r\u00e1pido (aprox. 1 metro al a\u00f1o). Para que un olivo alcance el tama\u00f1o de un fresno de 10 a\u00f1os deber\u00edan pasar m\u00e1s de 100 a\u00f1os .<\/li>\n<li>El tronco de fresno crece perfectamente cil\u00edndrico, alto y grueso por lo que una vez aserrado nos ofrece tablones perfectos. Su aprovechamiento es aprox. del 90%.  El olivo se corta cuando deja de ser productivo, por lo que ya son troncos viejos. Son cortos, retorcidos, llenos de protuberancias y agujeros y generalmente podridos por el centro. La madera aprovechable en tablones es aprox. 30 %.<\/li>\n<li>El fresno nos ofrece tablones,largos y anchos mientras que el olivo da tablones cortos y estrechos.El trabajo de mecanizaci\u00f3n de la madera es m\u00e1s del doble para el triple.<\/li>\n<li>La madera de olivo tiene profundas grietas, nudos y agujeros en los que cabe un pu\u00f1o mientras que el olivato es una madera que apenas se agrieta, no tiene nudos ni grandes imperfecciones. El tiempo empleado en los acabados de un tablero de olivo es un 70% mayor que en un tablero de olivato.<\/li>\n<li>La madera de olivo es el doble de dura que la de fresno el desgaste de maquinaria, sierras, cuchillas, lijas, etc tambi\u00e9n es el doble.<\/li>\n<li>La madera de olivo es escasa mientras que la de fresno abunda en el mercado tanto nacional como internacional. <\/li>\n<\/ul>\n<p>Todo ello sin valorar la belleza de la madera de olivo justifica sobradamente la diferencia de precio entre un tablero de olivo y otro de olivato. Sin embargo,el olivato es una opci\u00f3n perfecta si te gusta la madera natural, bonita y resistente, pero el olivo se pasa un poco de tu presupuesto.<\/p>\n","protected":false},"excerpt":{"rendered":"<p>Encimera de madera de olivato con canto frontal natural Canto natural: El canto frontal ya no se produce con el olivo macizo a\u00f1adido, sino es del olivato mismo. En la im\u00e1gen se puede apreciar un canto natural real, que es m\u00e1s recto que el del olivo. Color de madera: El olivato tiene m\u00e1s albura, madera [&hellip;]<\/p>\n","protected":false},"featured_media":10474,"template":"","meta":[],"product_brand":[],"product_cat":[107],"product_tag":[],"class_list":{"0":"post-2843","1":"product","2":"type-product","3":"status-publish","4":"has-post-thumbnail","6":"product_cat-cocina","8":"first","9":"onbackorder","10":"taxable","11":"shipping-taxable","12":"purchasable","13":"product-type-simple"},"_links":{"self":[{"href":"https:\/\/yevea.com\/productos\/wp-json\/wp\/v2\/product\/2843","targetHints":{"allow":["GET"]}}],"collection":[{"href":"https:\/\/yevea.com\/productos\/wp-json\/wp\/v2\/product"}],"about":[{"href":"https:\/\/yevea.com\/productos\/wp-json\/wp\/v2\/types\/product"}],"wp:featuredmedia":[{"embeddable":true,"href":"https:\/\/yevea.com\/productos\/wp-json\/wp\/v2\/media\/10474"}],"wp:attachment":[{"href":"https:\/\/yevea.com\/productos\/wp-json\/wp\/v2\/media?parent=2843"}],"wp:term":[{"taxonomy":"product_brand","embeddable":true,"href":"https:\/\/yevea.com\/productos\/wp-json\/wp\/v2\/product_brand?post=2843"},{"taxonomy":"product_cat","embeddable":true,"href":"https:\/\/yevea.com\/productos\/wp-json\/wp\/v2\/product_cat?post=2843"},{"taxonomy":"product_tag","embeddable":true,"href":"https:\/\/yevea.com\/productos\/wp-json\/wp\/v2\/product_tag?post=2843"}],"curies":[{"name":"wp","href":"https:\/\/api.w.org\/{rel}","templated":true}]}}