{"id":2664,"date":"2019-04-10T11:19:34","date_gmt":"2019-04-10T10:19:34","guid":{"rendered":"https:\/\/yevea.com\/productos\/?post_type=product&#038;p=2664"},"modified":"2025-07-22T14:55:54","modified_gmt":"2025-07-22T13:55:54","slug":"lavabo-autor","status":"publish","type":"product","link":"https:\/\/yevea.com\/productos\/producto\/lavabo-autor\/","title":{"rendered":"61207. lavabo de autor"},"content":{"rendered":"<p><strong>lavabo de gres torneado a mano con esmalte de cenizas de madera de encina olmo y olivo<\/strong><\/p>\n<p><strong>esmalte natural de cenizas de olivo<\/strong><br \/>\nEl esmalte fabricamos a partir de las cenizas de madera de olivo cual quemamos en proceso de secado de los tablones en nuestra serrer\u00eda. La ceniza es un material usado por los alfareros desde la antig\u00fcedad. En la actualidad no se est\u00e1 usando sobre todo porque:<\/p>\n<ol>\n<li>es <strong>muy variable<\/strong> &#8211; esmalte de cenizas es de dif\u00edcil repetici\u00f3n &#8211; varia mucha su composici\u00f3n porque el \u00e1rbol absorbe los minerales del terreno particular en que se encuentra<\/li>\n<li>es <strong>dif\u00edcil de conseguir<\/strong> cenizas de olivo normalmente no se producen en grandes cantidades. En Yevea, como adoramos la sostenibilidad, nos aprovechamos de las cenizas producidas en la serrer\u00eda como subproducto. El combustible de nuestro secadero de madera son los restos de serrado de madera de olivo. As\u00ed somos probablemente la \u00fanica empresa que dispone de ceniza de olivo en grandes cantidades por un precio asequible.<\/li>\n<\/ol>\n<p><strong>forma de esmaltado<\/strong><\/p>\n<ol>\n<li>CO &#8211; <strong>completo<\/strong> &#8211; toda pieza esmaltada<\/li>\n<li>DE &#8211; <strong>semidesnudo sin chorreones<\/strong> &#8211; el gres a la vista sugiere alta calidad de material. El material desubierto hace a simple vista obvio que no se trata de cer\u00e1mica corriente<\/li>\n<li>CH &#8211; <strong>semidesnudo con chorreones<\/strong> = m\u00e1s popular. Los chorreones y salpicaduras subrayan la personalidad artesanal del lavabo infundido por el alfarero.<\/li>\n<\/ol>\n<p><strong>color de esmalte<\/strong><br \/>\ncolor es meramente indicativo, ya que la ceniza produce otros tonos indescriptibles en cada horneado. El color depende de la composici\u00f3n de la tierra en que crec\u00ed el olivo del cual proceden las cenizas.<\/p>\n<ol>\n<li>AM &#8211; <strong>ceniza amarillenta<\/strong><\/li>\n<li>AZ &#8211; <strong>ceniza azulada<\/strong><\/li>\n<li>VE &#8211; <strong>ceniza verdosa<\/strong><\/li>\n<\/ol>\n<p><strong>acabado<\/strong><br \/>\nEl acabado mate o brillo est\u00e1 determinado por la cercan\u00eda del lavabo a las llamas durante del horneado. M\u00e1s cerca a las llamas m\u00e1s sale m\u00e1s brillo, m\u00e1s lejos el esmalte sale m\u00e1s mate. En general, la misma pieza suele tener ambos acabados &#8211; brillo y mate.<\/p>\n<p><strong>forma<\/strong><br \/>\nEl lavabo est\u00e1 torneado a mano. En la superficie se notan las marcas de los dedos del maestro alfarero. La forma simula tronco-cono inverso. C\u00f3mo es artesanal, su forma nunca est\u00e1 perfectamente redonda, sino contiene irregularidades como en es normal en los productos hecho completamente a mano. <\/p>\n<p><strong>dimensiones aproximadas<\/strong><\/p>\n<ol>\n<li>di\u00e1metro: 31 cm<\/li>\n<li>altura: 12 cm<\/li>\n<\/ol>\n<p>Lavabo lleva la firma y signatura del alfarero.<\/p>\n<p><strong>material:<\/strong> gres esmaltado con esmalte de ceniza de olivo<\/p>\n<p>El gres se obtiene a partir de una pasta cer\u00e1mica rica en fundentes, cocida a m\u00e1s de 1200 \u00baC de temperatura. <\/p>\n<p><strong>propiedades:<\/strong><\/p>\n<ol>\n<li>Inalterable a la temperatura.<\/li>\n<li>Inalterable a la humedad.<\/li>\n<li>Resistente a la abrasi\u00f3n &#8211; gres esmaltado es resistente al desgaste m\u00e1s que cualquier material natural.<\/li>\n<li>Resistencia a sustancias qu\u00edmicas &#8211; es insensible a los \u00e1cidos m\u00e1s difundidos: vinagre, zumo de lim\u00f3n, cola (\u00e1cido ortofosf\u00f3rico y \u00e1cido clorh\u00eddrico no dejan se\u00f1ales mientras que corroen el carbonato de calcio presente en el m\u00e1rmol. No resiste al ataque del \u00e1cido sulf\u00farico.<\/li>\n<li>Mantenimiento f\u00e1cil<\/li>\n<li>Antibacteriano &#8211; no retiene sustancias org\u00e1nicas y bacterias, causa de alergias y disturbios. Es posible utilizar libremente detergentes fuertes o desinfectantes.<\/li>\n<li>Estabilidad crom\u00e1tica &#8211; Los colores son totalmente estables y no se alteran ni por la exposici\u00f3n al sol, ni a los agentes atmosf\u00e9ricos, ni al smog.<\/li>\n<\/ol>\n","protected":false},"excerpt":{"rendered":"<p>lavabo de gres torneado a mano con esmalte de cenizas de madera de encina olmo y olivo esmalte natural de cenizas de olivo El esmalte fabricamos a partir de las cenizas de madera de olivo cual quemamos en proceso de secado de los tablones en nuestra serrer\u00eda. La ceniza es un material usado por los [&hellip;]<\/p>\n","protected":false},"featured_media":2668,"template":"","meta":[],"product_brand":[],"product_cat":[16],"product_tag":[],"class_list":{"0":"post-2664","1":"product","2":"type-product","3":"status-publish","4":"has-post-thumbnail","6":"product_cat-bano","8":"first","9":"onbackorder","10":"taxable","11":"shipping-taxable","12":"purchasable","13":"product-type-variable","14":"has-default-attributes"},"_links":{"self":[{"href":"https:\/\/yevea.com\/productos\/wp-json\/wp\/v2\/product\/2664","targetHints":{"allow":["GET"]}}],"collection":[{"href":"https:\/\/yevea.com\/productos\/wp-json\/wp\/v2\/product"}],"about":[{"href":"https:\/\/yevea.com\/productos\/wp-json\/wp\/v2\/types\/product"}],"wp:featuredmedia":[{"embeddable":true,"href":"https:\/\/yevea.com\/productos\/wp-json\/wp\/v2\/media\/2668"}],"wp:attachment":[{"href":"https:\/\/yevea.com\/productos\/wp-json\/wp\/v2\/media?parent=2664"}],"wp:term":[{"taxonomy":"product_brand","embeddable":true,"href":"https:\/\/yevea.com\/productos\/wp-json\/wp\/v2\/product_brand?post=2664"},{"taxonomy":"product_cat","embeddable":true,"href":"https:\/\/yevea.com\/productos\/wp-json\/wp\/v2\/product_cat?post=2664"},{"taxonomy":"product_tag","embeddable":true,"href":"https:\/\/yevea.com\/productos\/wp-json\/wp\/v2\/product_tag?post=2664"}],"curies":[{"name":"wp","href":"https:\/\/api.w.org\/{rel}","templated":true}]}}