{"id":2609,"date":"2019-04-04T12:10:52","date_gmt":"2019-04-04T11:10:52","guid":{"rendered":"https:\/\/yevea.com\/productos\/?post_type=product&#038;p=2609"},"modified":"2024-09-18T07:07:57","modified_gmt":"2024-09-18T06:07:57","slug":"cabecero-tablon-olivo","status":"publish","type":"product","link":"https:\/\/yevea.com\/productos\/producto\/cabecero-tablon-olivo\/","title":{"rendered":"81501. cabecero tabl\u00f3n de olivo"},"content":{"rendered":"<p><strong>Cabecero de tabl\u00f3n r\u00fastico madera de olivo fino con una base de tablero laminado de chopo<\/strong> <\/p>\n<figure id=\"attachment_3420\" aria-describedby=\"caption-attachment-3420\" style=\"width: 2728px\" class=\"wp-caption alignright\"><img loading=\"lazy\" decoding=\"async\" class=\"size-full wp-image-3420\" src=\"https:\/\/yevea.com\/productos\/wp-content\/uploads\/cabecero-cama-tablero-listones.jpg\" alt=\"canto de cabecero de cama\" width=\"2728\" height=\"1819\" \/><figcaption id=\"caption-attachment-3420\" class=\"wp-caption-text\">canto de cabecero de cama &#8211; en el canto se puede apreciar la uni\u00f3n de las dos maderas distintas<\/figcaption><\/figure>\n<p>&nbsp;<\/p>\n<figure style=\"width: 600px\" class=\"wp-caption alignnone\"><img loading=\"lazy\" decoding=\"async\" src=\"https:\/\/yevea.com\/001-vectores\/81501-dibujo.svg\" width=\"600\" height=\"400\" class=\"size-full\" \/><figcaption class=\"wp-caption-text\"><strong>a)<\/strong> altura del cabezal &#8211; tablones son relativamente estrechos, para que cabezal cubre la pared en mayor medida, se pueden comprar m\u00faltiples tablones<br \/><strong>b)<\/strong> tabl\u00f3n lleva trozos de corteza, cual se puede desprender<\/figcaption><\/figure>\n<ol>\n<li>El canto contiene trozos de corteza que se pueden desprender con el tiempo.<\/li>\n<li>Tabl\u00f3n tiene forma de tronco<\/li>\n<li>Capa inferior de tablero laminado de chopo.<\/li>\n<li>La madera laminada proporciona estabilidad al cabezal de la cama.<\/li>\n<li>Tabl\u00f3n contiene agujeros y grietas<\/li>\n<li>Acabado con aceite<\/li>\n<li>Lija de grano medio<\/li>\n<li>Las imperfecciones se quedan destapadas<\/li>\n<li>Cada tabl\u00f3n es diferente pero no se puede pedir con forma especial<\/li>\n<li>Para fabricar los cabezales, elegimos los tablones m\u00e1s singulares posible.<\/li>\n<li>Al pedir de tabl\u00f3n el cliente est\u00e1 \u00abjugando a suerte\u00bb si le toca el tabl\u00f3n que le agrada a su gusto mucho o poco.<\/li>\n<li>Al efectuar pedido (no antes) nos puede pedir que le mandemos fotos de tabl\u00f3n antes del env\u00edo, en caso que no el gusto intentamos cambiarlo.<\/li>\n<li>Los olivos son \u00e1rboles peque\u00f1os &#8211; por ello los tablones largos son escasos = de precio desproporcionadamente m\u00e1s alto.<\/li>\n<li>Dimensiones\n<ul>\n<li>Grosor de tabl\u00f3n incl. tablero de soporte app. 2,3 cm<\/li>\n<li>Grosor de tabl\u00f3n de olivo app. 0,5 cm<\/li>\n<li>Ancho muy aproximado &#8211; suele tener app. 30-40 cm <\/li>\n<li>M\u00e1s largo el tabl\u00f3n m\u00e1s estrecho en proporci\u00f3n ya que olivos altos no son muy anchos.<\/li>\n<\/ul>\n<\/li>\n<li>Juego de fijaci\u00f3n en la pared est\u00e1 incluido.<\/li>\n<li>Tabl\u00f3n<br \/>\nes <strong>demasiado estrecho para tapar la pared detr\u00e1s de la cama<\/strong> por completo. Su funci\u00f3n es m\u00e1s bien decorativo.<\/li>\n<li>Si el objetivo es tapar la pared detr\u00e1s de la cama, <strong>aconsejamos comprar varios tablones y colocarlos uno encima de otro en forma horizontal paralela<\/strong><\/li>\n<\/ol>\n","protected":false},"excerpt":{"rendered":"<p>Cabecero de tabl\u00f3n r\u00fastico madera de olivo fino con una base de tablero laminado de chopo &nbsp; El canto contiene trozos de corteza que se pueden desprender con el tiempo. Tabl\u00f3n tiene forma de tronco Capa inferior de tablero laminado de chopo. La madera laminada proporciona estabilidad al cabezal de la cama. Tabl\u00f3n contiene agujeros [&hellip;]<\/p>\n","protected":false},"featured_media":3490,"template":"","meta":[],"product_brand":[],"product_cat":[235],"product_tag":[],"class_list":{"0":"post-2609","1":"product","2":"type-product","3":"status-publish","4":"has-post-thumbnail","6":"product_cat-madera","8":"first","9":"outofstock","10":"taxable","11":"shipping-taxable","12":"purchasable","13":"product-type-variable","14":"has-default-attributes"},"_links":{"self":[{"href":"https:\/\/yevea.com\/productos\/wp-json\/wp\/v2\/product\/2609","targetHints":{"allow":["GET"]}}],"collection":[{"href":"https:\/\/yevea.com\/productos\/wp-json\/wp\/v2\/product"}],"about":[{"href":"https:\/\/yevea.com\/productos\/wp-json\/wp\/v2\/types\/product"}],"wp:featuredmedia":[{"embeddable":true,"href":"https:\/\/yevea.com\/productos\/wp-json\/wp\/v2\/media\/3490"}],"wp:attachment":[{"href":"https:\/\/yevea.com\/productos\/wp-json\/wp\/v2\/media?parent=2609"}],"wp:term":[{"taxonomy":"product_brand","embeddable":true,"href":"https:\/\/yevea.com\/productos\/wp-json\/wp\/v2\/product_brand?post=2609"},{"taxonomy":"product_cat","embeddable":true,"href":"https:\/\/yevea.com\/productos\/wp-json\/wp\/v2\/product_cat?post=2609"},{"taxonomy":"product_tag","embeddable":true,"href":"https:\/\/yevea.com\/productos\/wp-json\/wp\/v2\/product_tag?post=2609"}],"curies":[{"name":"wp","href":"https:\/\/api.w.org\/{rel}","templated":true}]}}