{"id":2513,"date":"2019-03-26T22:29:47","date_gmt":"2019-03-26T21:29:47","guid":{"rendered":"https:\/\/yevea.com\/productos\/?post_type=product&#038;p=2513"},"modified":"2025-12-04T20:08:18","modified_gmt":"2025-12-04T19:08:18","slug":"estante-rustico-olivo","status":"publish","type":"product","link":"https:\/\/yevea.com\/productos\/producto\/estante-rustico-olivo\/","title":{"rendered":"624. estante r\u00fastico de olivo"},"content":{"rendered":"<h4>Estante r\u00fastico bajo encimera de ba\u00f1o\/cocina<\/h4>\n<ul>\n<li>El producto estante est\u00e1 dise\u00f1ado como estante de almacenamiento, especialmente debajo de la encimera de ba\u00f1o o cocina. <span style=\"font-weight:900; color:red;\">No es recomendable utilizarlo como encimera<\/span> puesto que lleva las grietas sin sellar y se pod\u00edan incrustar en ellas restos de cosmeticos o alimentos. <\/li>\n<li>Grosor est\u00e1ndar: 3 cm <\/li>\n<li>Profundo recomendado: 35 cm (puede elegir profundo que quiere, en variante con canto r\u00fastico el profundo es variable)<\/li>\n<li>Largos disponibles: 40-240 cm<\/li>\n<li>\u00a1A lo contrario del acabado est\u00e1ndar de encimera de ba\u00f1o y cocina (con acabado con la resina epoxi), el estante se sirve con la madera al natural, sin sellar grietas, nudos e imperfecciones.<\/li>\n<li>\u00a1Dimensiones para cantos r\u00fasticos son muy aproximados!<\/li>\n<li>Cantos laterales rectos<\/li>\n<li><span style=\"font-weight:900; color:red;\"> necesita soportes <\/span> &#8211; no est\u00e1n incluidos (no los producimos ni ofrecemos)<\/li>\n<\/ul>\n<p><figure style=\"width: 500px\" class=\"wp-caption alignnone\"><img loading=\"lazy\" decoding=\"async\" src=\"https:\/\/yevea.com\/001-vectores\/26601-035X240-dibujo.svg\" width=\"500\" height=\"250\" alt=\"estante r\u00fastico de olivo\" class=\"size-full\" \/><figcaption class=\"wp-caption-text\">largo m\u00e1ximo de estante r\u00fastico de olivo es 240 cm<\/figcaption><\/figure><br \/><\/p>\n","protected":false},"excerpt":{"rendered":"<p>Estante r\u00fastico bajo encimera de ba\u00f1o\/cocina El producto estante est\u00e1 dise\u00f1ado como estante de almacenamiento, especialmente debajo de la encimera de ba\u00f1o o cocina. No es recomendable utilizarlo como encimera puesto que lleva las grietas sin sellar y se pod\u00edan incrustar en ellas restos de cosmeticos o alimentos. Grosor est\u00e1ndar: 3 cm Profundo recomendado: 35 [&hellip;]<\/p>\n","protected":false},"featured_media":2542,"template":"","meta":[],"product_brand":[],"product_cat":[107],"product_tag":[],"class_list":{"0":"post-2513","1":"product","2":"type-product","3":"status-publish","4":"has-post-thumbnail","6":"product_cat-cocina","7":"product_shipping_class-encimeras","9":"first","10":"instock","11":"taxable","12":"shipping-taxable","13":"purchasable","14":"product-type-simple"},"_links":{"self":[{"href":"https:\/\/yevea.com\/productos\/wp-json\/wp\/v2\/product\/2513","targetHints":{"allow":["GET"]}}],"collection":[{"href":"https:\/\/yevea.com\/productos\/wp-json\/wp\/v2\/product"}],"about":[{"href":"https:\/\/yevea.com\/productos\/wp-json\/wp\/v2\/types\/product"}],"wp:featuredmedia":[{"embeddable":true,"href":"https:\/\/yevea.com\/productos\/wp-json\/wp\/v2\/media\/2542"}],"wp:attachment":[{"href":"https:\/\/yevea.com\/productos\/wp-json\/wp\/v2\/media?parent=2513"}],"wp:term":[{"taxonomy":"product_brand","embeddable":true,"href":"https:\/\/yevea.com\/productos\/wp-json\/wp\/v2\/product_brand?post=2513"},{"taxonomy":"product_cat","embeddable":true,"href":"https:\/\/yevea.com\/productos\/wp-json\/wp\/v2\/product_cat?post=2513"},{"taxonomy":"product_tag","embeddable":true,"href":"https:\/\/yevea.com\/productos\/wp-json\/wp\/v2\/product_tag?post=2513"}],"curies":[{"name":"wp","href":"https:\/\/api.w.org\/{rel}","templated":true}]}}