{"id":2506,"date":"2019-03-26T21:46:08","date_gmt":"2019-03-26T20:46:08","guid":{"rendered":"https:\/\/yevea.com\/productos\/?post_type=product&#038;p=2506"},"modified":"2024-01-11T22:22:51","modified_gmt":"2024-01-11T21:22:51","slug":"perforacion-encimera-bano","status":"publish","type":"product","link":"https:\/\/yevea.com\/productos\/producto\/perforacion-encimera-bano\/","title":{"rendered":"625. perforaci\u00f3n de encimera de ba\u00f1o"},"content":{"rendered":"<p>encimeras perforadas son productos personalizados &#8211; no est\u00e1n sujetos a derecho de devoluci\u00f3n.<\/p>\n","protected":false},"excerpt":{"rendered":"<p>encimeras perforadas son productos personalizados &#8211; no est\u00e1n sujetos a derecho de devoluci\u00f3n.<\/p>\n","protected":false},"featured_media":2511,"template":"","meta":[],"product_brand":[],"product_cat":[16],"product_tag":[],"class_list":{"0":"post-2506","1":"product","2":"type-product","3":"status-publish","4":"has-post-thumbnail","6":"product_cat-bano","8":"first","9":"onbackorder","10":"taxable","11":"shipping-taxable","12":"purchasable","13":"product-type-variable","14":"has-default-attributes"},"_links":{"self":[{"href":"https:\/\/yevea.com\/productos\/wp-json\/wp\/v2\/product\/2506","targetHints":{"allow":["GET"]}}],"collection":[{"href":"https:\/\/yevea.com\/productos\/wp-json\/wp\/v2\/product"}],"about":[{"href":"https:\/\/yevea.com\/productos\/wp-json\/wp\/v2\/types\/product"}],"wp:featuredmedia":[{"embeddable":true,"href":"https:\/\/yevea.com\/productos\/wp-json\/wp\/v2\/media\/2511"}],"wp:attachment":[{"href":"https:\/\/yevea.com\/productos\/wp-json\/wp\/v2\/media?parent=2506"}],"wp:term":[{"taxonomy":"product_brand","embeddable":true,"href":"https:\/\/yevea.com\/productos\/wp-json\/wp\/v2\/product_brand?post=2506"},{"taxonomy":"product_cat","embeddable":true,"href":"https:\/\/yevea.com\/productos\/wp-json\/wp\/v2\/product_cat?post=2506"},{"taxonomy":"product_tag","embeddable":true,"href":"https:\/\/yevea.com\/productos\/wp-json\/wp\/v2\/product_tag?post=2506"}],"curies":[{"name":"wp","href":"https:\/\/api.w.org\/{rel}","templated":true}]}}