{"id":2306,"date":"2019-03-02T21:40:18","date_gmt":"2019-03-02T20:40:18","guid":{"rendered":"https:\/\/yevea.com\/productos\/?post_type=product&#038;p=2306"},"modified":"2023-12-13T21:22:34","modified_gmt":"2023-12-13T20:22:34","slug":"cubierto-clasico","status":"publish","type":"product","link":"https:\/\/yevea.com\/productos\/producto\/cubierto-clasico\/","title":{"rendered":"72114. cubierto cl\u00e1sico"},"content":{"rendered":"<p>Modelo \u00abcl\u00e1sico\u00bb es todo un \u00abcl\u00e1sico\u00bb. Este cubierto tiene un dise\u00f1o ergon\u00f3mico.<\/p>\n<ol>\n<li>uso: como un cubierto normal<\/li>\n<li>madera de olivo maciza, sostenible<\/li>\n<li>madera no da\u00f1a las superficies de las vajillas<\/li>\n<li>f\u00e1ciles de manejar y muy agradables al tacto<\/li>\n<li>madera es inocua, no influye en los aromas de la comida<\/li>\n<li>madera no transmite el calor<\/li>\n<li>cuchillo por defecto no viene afilado, por ello no tiene bordes cortantes peligrosas<\/li>\n<li>la dureza extrema de madera de olivo permite afilar el cuchillo con una lija hasta que pueda cortar la carne<\/li>\n<li>cubiertos de madera no deben quedarse apoyados sobre la placa vitrocer\u00e1mica caliente (no hay problema si es de inducci\u00f3n)<\/li>\n<li><strong>limpieza<\/strong>\n<ol>\n<li>no meter nunca los cubiertos de madera en el lavavajillas<\/li>\n<li>no usar productos de limpieza agresivos ni estropajos de los que rayan<\/li>\n<li>limpiar a mano con agua fr\u00eda o templada con detergente de vajillas nada m\u00e1s usarlos<\/li>\n<li>no limpiar a altas temperaturas<\/li>\n<li>no dejar los cubiertos en remojo o dentro de las comidas, evitar cualquier tipo de contacto continuado con el agua<\/li>\n<li>una vez lavado el cubierto, secarlo con un trapo y dejar que termine de secarse al aire antes de guardarlo<\/li>\n<\/ol>\n<\/li>\n<li>es preferible dejar los cubiertos al aire, colocados en un portacubiertos de pie, en lugar de gurdarlos en un caj\u00f3n &#8211; en tal manera a\u00f1aden una energ\u00eda acogedora a la cocina o comedor<\/li>\n<li>en caso de manchas persistentes y profundas o espacios negros, se puede recurrir a un remojo en agua caliente y lej\u00eda o agua oxigenada para m\u00e1ximo de media hora<\/li>\n<li>si los cubiertos se tornan blanquecinos y secos, incluso con fisuras, necesitan urgentemente hidrataci\u00f3n con aceite de oliva &#8211; extender una peque\u00f1a cantidad sobre los cubiertos en cuesti\u00f3n con ayuda de un trozo de papel de cocina y lo dejamos actuar unas horas, aunque mejor si es de un d\u00eda para otro<\/li>\n<li>una pel\u00edcula de aceite de oliva protege la madera y mejora su aspecto<\/li>\n<\/ol>\n","protected":false},"excerpt":{"rendered":"<p>Modelo \u00abcl\u00e1sico\u00bb es todo un \u00abcl\u00e1sico\u00bb. Este cubierto tiene un dise\u00f1o ergon\u00f3mico. uso: como un cubierto normal madera de olivo maciza, sostenible madera no da\u00f1a las superficies de las vajillas f\u00e1ciles de manejar y muy agradables al tacto madera es inocua, no influye en los aromas de la comida madera no transmite el calor cuchillo [&hellip;]<\/p>\n","protected":false},"featured_media":2281,"template":"","meta":[],"product_brand":[],"product_cat":[769],"product_tag":[],"class_list":{"0":"post-2306","1":"product","2":"type-product","3":"status-publish","4":"has-post-thumbnail","6":"product_cat-menaje","7":"product_shipping_class-menaje","9":"first","10":"instock","11":"taxable","12":"shipping-taxable","13":"purchasable","14":"product-type-variable","15":"has-default-attributes"},"_links":{"self":[{"href":"https:\/\/yevea.com\/productos\/wp-json\/wp\/v2\/product\/2306","targetHints":{"allow":["GET"]}}],"collection":[{"href":"https:\/\/yevea.com\/productos\/wp-json\/wp\/v2\/product"}],"about":[{"href":"https:\/\/yevea.com\/productos\/wp-json\/wp\/v2\/types\/product"}],"wp:featuredmedia":[{"embeddable":true,"href":"https:\/\/yevea.com\/productos\/wp-json\/wp\/v2\/media\/2281"}],"wp:attachment":[{"href":"https:\/\/yevea.com\/productos\/wp-json\/wp\/v2\/media?parent=2306"}],"wp:term":[{"taxonomy":"product_brand","embeddable":true,"href":"https:\/\/yevea.com\/productos\/wp-json\/wp\/v2\/product_brand?post=2306"},{"taxonomy":"product_cat","embeddable":true,"href":"https:\/\/yevea.com\/productos\/wp-json\/wp\/v2\/product_cat?post=2306"},{"taxonomy":"product_tag","embeddable":true,"href":"https:\/\/yevea.com\/productos\/wp-json\/wp\/v2\/product_tag?post=2306"}],"curies":[{"name":"wp","href":"https:\/\/api.w.org\/{rel}","templated":true}]}}