{"id":2227,"date":"2019-02-19T11:42:17","date_gmt":"2019-02-19T10:42:17","guid":{"rendered":"https:\/\/yevea.com\/productos\/?post_type=product&#038;p=2227"},"modified":"2024-01-11T22:18:02","modified_gmt":"2024-01-11T21:18:02","slug":"lavabo-olivo-redondo","status":"publish","type":"product","link":"https:\/\/yevea.com\/productos\/producto\/lavabo-olivo-redondo\/","title":{"rendered":"616. lavabo de olivo redondo"},"content":{"rendered":"<p>Lavabo de madera de olivo redondo artesanal. C\u00f3mo es artesanal, su forma nunca est\u00e1 perfectamente redonda, sino contiene irregularidades como en es normal en los productos hecho completamente a mano. Este lavabo no s\u00f3lo es singular por su veteado y forma, sino tambi\u00e9n por su escasez &#8211; ya que es muy dif\u00edcil conseguir una pieza de madera de olivo tan grande relativamente perfecta, sin agujeros o grietas. Se instala sobre una encimera. Es aconsejable combinarlo con una encimera que combina bien con la madera &#8211; de microcemento, solid surface o de cristal.<\/p>\n<ol>\n<li>material: madera de olivo maciza<\/li>\n<li>dimensiones:\n<ol>\n<li>di\u00e1metro: 35 cm<\/li>\n<li>altura: 11 cm<\/li>\n<\/ol>\n<\/li>\n<\/ol>\n","protected":false},"excerpt":{"rendered":"<p>Lavabo de madera de olivo redondo artesanal. C\u00f3mo es artesanal, su forma nunca est\u00e1 perfectamente redonda, sino contiene irregularidades como en es normal en los productos hecho completamente a mano. Este lavabo no s\u00f3lo es singular por su veteado y forma, sino tambi\u00e9n por su escasez &#8211; ya que es muy dif\u00edcil conseguir una pieza [&hellip;]<\/p>\n","protected":false},"featured_media":2230,"template":"","meta":[],"product_brand":[],"product_cat":[16],"product_tag":[],"class_list":{"0":"post-2227","1":"product","2":"type-product","3":"status-publish","4":"has-post-thumbnail","6":"product_cat-bano","7":"product_shipping_class-menaje","9":"first","10":"onbackorder","11":"taxable","12":"shipping-taxable","13":"purchasable","14":"product-type-simple"},"_links":{"self":[{"href":"https:\/\/yevea.com\/productos\/wp-json\/wp\/v2\/product\/2227","targetHints":{"allow":["GET"]}}],"collection":[{"href":"https:\/\/yevea.com\/productos\/wp-json\/wp\/v2\/product"}],"about":[{"href":"https:\/\/yevea.com\/productos\/wp-json\/wp\/v2\/types\/product"}],"wp:featuredmedia":[{"embeddable":true,"href":"https:\/\/yevea.com\/productos\/wp-json\/wp\/v2\/media\/2230"}],"wp:attachment":[{"href":"https:\/\/yevea.com\/productos\/wp-json\/wp\/v2\/media?parent=2227"}],"wp:term":[{"taxonomy":"product_brand","embeddable":true,"href":"https:\/\/yevea.com\/productos\/wp-json\/wp\/v2\/product_brand?post=2227"},{"taxonomy":"product_cat","embeddable":true,"href":"https:\/\/yevea.com\/productos\/wp-json\/wp\/v2\/product_cat?post=2227"},{"taxonomy":"product_tag","embeddable":true,"href":"https:\/\/yevea.com\/productos\/wp-json\/wp\/v2\/product_tag?post=2227"}],"curies":[{"name":"wp","href":"https:\/\/api.w.org\/{rel}","templated":true}]}}