{"id":2150,"date":"2019-01-31T20:45:42","date_gmt":"2019-01-31T19:45:42","guid":{"rendered":"https:\/\/yevea.com\/productos\/?post_type=product&#038;p=2150"},"modified":"2019-12-04T23:01:02","modified_gmt":"2019-12-04T22:01:02","slug":"espejo-marco-tablones-2","status":"publish","type":"product","link":"https:\/\/yevea.com\/productos\/producto\/espejo-marco-tablones-2\/","title":{"rendered":"922. espejo marco de tablones"},"content":{"rendered":"<h4>espejo con marco de madera de olivo irregular de tablones paralelos con la parte irregular en el borde<\/h4>\n<ul>\n<li>Modelo b\u00e1sico y m\u00e1s popular<\/li>\n<li>Marco de tablones madera de olivo maciza irregular<\/li>\n<li>Tablones de olivo en su estado natural, con grietas y nudos sin cantear<\/li>\n<li>Tablones de olivo de grosor app. 0,5-1 cm<\/li>\n<li>Tablones cepillados, sin lijado<\/li>\n<li>Acabado de madera: aceite de madera de olivo<\/li>\n<li>Luna pegada sobre por el tablero trasero<\/li>\n<li>Tablones pegados sobre el tablero bastidor<\/li>\n<li>Espejo de luna incolora de 4 mm de espesor<\/li>\n<li>Cantos de la luna pulidos<\/li>\n<li><b>Espesor del espejo:<\/b>\n<ol>\n<li>tablones: 0,5 cm (pegados sobre el tablero)<\/li>\n<li>luna: 0,4 cm (pegada sobre el tablero)<\/li>\n<li>tablero trasero: 0,9 cm <\/li>\n<li>grosor: 0,5 + 0,9 = 1,4 cm<\/li>\n<\/ol>\n<\/li>\n<li>Luna reforzada por cara inferior del tablero de chopo laminado y pegada con silicona especial de espejo<\/li>\n<li>espejo no es renovable en caso de rotura, ya que est\u00e1 pegado encima del tablero<\/li>\n<li>Los bordes del bastidor de madera de chopo laminado en cara posterior siguen la forma natural de tabl\u00f3n superior de olivo.<\/li>\n<li>Tablones de olivo pueden ser a\u00f1adidos &#8211; seg\u00fan lo que requiere el dise\u00f1o y que nos permite la forma del tabl\u00f3n.<\/li>\n<li>Tablero bastidor previene desportilladuras de la luna<\/li>\n<li>Tablones unidos con el tablero bastidor mediante cola resistente al agua.<\/li>\n<\/ul>\n<p><img loading=\"lazy\" decoding=\"async\" src=\"https:\/\/yevea.com\/001-vectores\/92102-dibujo.svg\" width=\"600\" height=\"300\" class=\"alignnone size-full\" \/><\/p>\n<ol>\n<li>Alto variable debido a canto irregular (max. 90 o 120 cm)<\/li>\n<li>Alto de la luna es 60 o 90 cm, seg\u00fan la variaci\u00f3n<\/li>\n<li>Tablones pueden tener agujeros atravesados. Debajo del agujero se ver\u00e1 el tablero bastidor oscuro ya que el tabl\u00f3n est\u00e1 pegado sobre el tablero.<\/li>\n<li>Tablones pueden tener trozos de corteza en sus bordes<\/li>\n<li>Tablones en espejos anchos pueden tener uniones<\/li>\n<li>Tablones pueden tener grietas grandes y abiertas<\/li>\n<li>Ancho 40-240 cm<\/li>\n<\/ol>\n<p>Podemos fabricar los espejos a medida.<\/p>\n<p>Los espejos son una excelente manera de decorar las diferentes estancias de la casa; si bien hay quienes todav\u00eda los ven como accesorios de ba\u00f1o o dormitorio, la verdad es que muchas de las tendencias en decoraci\u00f3n los incluyen en cualquier lugar de la casa, y m\u00e1s si est\u00e1n elaborados con materiales naturales . Podr\u00edamos decir que hay un espejo para cada rinc\u00f3n de la casa mezclando y la tendencia es a mezclar estilos y materiales. Sobra decir que el espejo es un objeto neutro y que lo que define el estilo es el marco.<\/p>\n<p>DEFINICI\u00d3N <\/p>\n<p>La palabra marco, se origin\u00f3 en el germ\u00e1nico \u201cmark\u201d en el sentido de hacer referencia a los l\u00edmites territoriales, asign\u00e1ndose por extensi\u00f3n a todo lo que rodea algo a modo de contenci\u00f3n y delimitaci\u00f3n, como ocurre por ejemplo con el marco de un espejo,  cuya \u00fanica funci\u00f3n es realzarlo y embellecerlo. Un marco es realmente un cerco que rodea un objeto y sirve para reforzarlo o adornarlo.<\/p>\n<p>FENICIOS, ETRUSCOS Y GRIEGOS: Espejos sin marco<\/p>\n<p>En el a\u00f1o 1000 a.C. ya se fabricaban espejos en todo el mundo. Los mercaderes fenicios y etruscos surcaban el Mediterr\u00e1neo  llevando consigo noticias, mercanc\u00edas y costumbres. Una de las mercanc\u00edas m\u00e1s comunes eran exquisitos espejos de bronce y plata con preciosos grabados en el dorso.<\/p>\n<p>Al igual que los etruscos, los griegos fabricaron principalmente espejos de bronce, una artesan\u00eda que aprendieron de los minoicos en Creta. <\/p>\n<p>CELTAS: Visi\u00f3n esot\u00e9rica del espejo<\/p>\n<p>Los celtas eran tambi\u00e9n expertos metalistas que fabricaban preciosos espejos primero imitando los espejos griegos y etruscos  pero posteriormente  desarrollaron un estilo art\u00edstico distintivo y decoraron  los espejos con las caracter\u00edsticas formas de caracol y sinuosos zarcillos. Reverenciaban la cabeza humana, ya que cre\u00edan que \u00e9sta conten\u00eda el alma despu\u00e9s de la muerte (lo que explica su tendencia a decapitar a la gente y a beber de cr\u00e1neos), y seguramente valoraban los espejos porque los consideraban dep\u00f3sitos m\u00e1gicos de la imagen de la cabeza. <\/p>\n<p>ROMA: Uso generalizado de espejo<\/p>\n<p>Los artesanos romanos fabricaron los espejos en serie y sustituyeron los delicados grabados del dorso por sencillos c\u00edrculos conc\u00e9ntricos. Hasta los criados y los romanos m\u00e1s pobres pose\u00edan espejos con marco y mango profusamente tallado. Ten\u00edan siempre a mano una esponja y piedra p\u00f3mez molida para sacarles brillo, pero la aristocracia prefer\u00eda los espejos de plata. <\/p>\n<p>EDAD MEDIA<\/p>\n<p>Durante la Edad Media, apenas se hizo uso del espejo. En el siglo XIV y XV se citan algunos ejemplares hist\u00f3ricos pero su uso era poco corriente y era apenas conocido.<\/p>\n<p>EDAD MODERNA<br \/>\n El espejo, como mueble de habitaci\u00f3n, empieza a ser m\u00e1s com\u00fan en el siglo XVI. En dicho siglo, se presentan con marcos muy  elegantes y con pie art\u00edstico y ocupa un lugar privilegiado en el sal\u00f3n como objeto movible.<br \/>\nComo con cualquier rama del arte, las diferentes regiones de Europa desarrollaron distintos tipos de marcos con su propio estilo pero en el Siglo XVI, Venecia se volvi\u00f3 uno de los principales centros de fabricaci\u00f3n de marcos y de espejos   Los dise\u00f1os se volvieron m\u00e1s recargados y ostentosos. En comparaci\u00f3n con los marcos para pinturas los marcos de espejos  eran mucho m\u00e1s anchos y con decorados m\u00e1s recargados ya que en el caso del espejo el protagonismo absoluto lo ten\u00eda el marco mientras que en la pintura es esta el centro de atenci\u00f3n y el marco \u00fanicamente la que la realza.<\/p>\n<p>Durante la primera mitad de este siglo XVII muchos artistas que se dedicaban al dise\u00f1o y fabricaci\u00f3n de marcos para espejos  pasaron de Italia a Francia, aunque las leyes de Venecia proh\u00edbian a los famosos artesanos abandonar la ciudad  para preservar la tradici\u00f3n. Los marcos franceses se volvieron as\u00ed los m\u00e1s importantes de toda Europa, por  lo que fueron ampliamente copiados.<br \/>\nLos ricos marcos hechos en Francia durante el reinado de Luis XIII (1610-1643) se desarrollaron a partir de la interpretaci\u00f3n hecha de los marcos italianos pero los franceses desarrollaron marcos de espejo m\u00e1s planos, m\u00e1s delgados y con un patr\u00f3n de decoraci\u00f3n continuo.<br \/>\nHacia fines del siglo XVII las f\u00e1bricas venecianas logran construir espejos de gran tama\u00f1o y a partir de ese momento sirven como objetos  decorativos en los salones, en los que ocupan un lugar privilegiado. Los marcos eran profusamente tallados, con calados y  virguerias. <\/p>\n<p>EDAD CONTEMPOR\u00c1NEA<\/p>\n<p>Las artes decorativas alcanzaron su esplendor bajo el reinado de Luis XV (1723-1774) y esta \u00e9poca fue tambi\u00e9n la del apogeo del marco. Estos fueron usados en todos lados, para ornamentar toda superficie plana en paredes y techos. Los mismo  dise\u00f1os de los  marcos de espejo  fueron usados para decorar los cuadros, las telas usadas en sof\u00e1s y sillas, los tapices que colgaban de las paredes, las car\u00e1tulas de libros, las invitaciones que enviaba la corte, etc. La decoraci\u00f3n de los marcos se vuelve m\u00e1s profunda y recargada siguiendo el estilo barroco propio de la \u00e9poca.<\/p>\n<p> Algunas leyes prohib\u00edan ciertos modelos de espejos para los barrios m\u00e1s pobres. Esto se plante\u00f3 con la finalidad de reservar la elegancia y el lujo en el marco de los espejos para la alta sociedad del lugar.<\/p>\n<p>Poco despu\u00e9s de la segunda mitad del Siglo XVIII tuvo lugar una reacci\u00f3n a tanta exuberancia. Se di\u00f3 lugar a un dise\u00f1o m\u00e1s sobrio y una simetr\u00eda m\u00e1s austera. Este estilo es generalmente llamado Luis XVI.<\/p>\n<p>Durante los a\u00f1os de la Revoluci\u00f3n, muchas colecciones de arte y ricos espejos  fueron destruidos y muchos marcos fueron quemados para recuperar el oro empleado en ellos. A pesar de los grandes cambios pol\u00edticos y sociales el estilo empleado en la construcci\u00f3n de los marcos no sufri\u00f3 grandes cambios.<br \/>\nBajo el r\u00e9gimen dictatorial de Napole\u00f3n, la decoraci\u00f3n de interiores sufri\u00f3 una uniformidad sin precedentes. Se acentuaron las formas cl\u00e1sicas. Cada detalle es simple y bien definido, la simetr\u00eda perfecta. Este estilo es conocido como Imperio<\/p>\n<p>Durante el Siglo XIX los marcos comienzan a hacerse mediante  un proceso mec\u00e1nico y no artesanal. Comenzaron a hacerse burdas copias de los marcos Luis XIII y XIV, con las tallas hechas en yeso y el dorado en cobre.<\/p>\n<p>Hoy en d\u00eda, en que tenemos una incre\u00edble variedad de materiales y colores se nos hace dif\u00edcil imaginar que en esa \u00e9poca todos los marcos eran de  similar dise\u00f1o y todos dorados.<\/p>\n<p>MARCOS PARA ESPEJOS MODERNOS<\/p>\n<p>Los espejos son una excelente manera de decorar las diferentes estancias de la casa; si bien hay quienes todav\u00eda los ven como accesorios de ba\u00f1o o dormitorio, la verdad es que muchas de las tendencias en decoraci\u00f3n los incluyen en cualquier lugar de la casa, y m\u00e1s si est\u00e1n elaborados con materiales naturales . Podr\u00edamos decir que hay un espejo que embellecer\u00e1 cada rinc\u00f3n de la casa mezclando materiales y estilos. Sobra decir que el espejo es un objeto neutro y que lo que define el estilo es el marco dando personalidad a cualquier decoraci\u00f3n anodina .<\/p>\n<p>MARCOS DE ESPEJO DE MADERA<\/p>\n<p>La oferta de dise\u00f1os, materiales y colores en marcos de espejos que hay en la actualidad es casi infinita sin embargo la madera a ocupado siempre el primer puesto en el material para dise\u00f1ar los marcos de espejo.<\/p>\n<p>La madera es un material natural, asequible, ligero y muy maleable: se puede tallar, tornear, biselar, esmaltar de distintos colores y acabados., etc<\/p>\n<p>MARCOS DE MADERA DE MADERA DE OLIVO<\/p>\n<p>Sin duda entre las maderas una de las m\u00e1s bellas y originales es la madera de olivo.  Aunque con madera de olivo se puede hacer cualquier dise\u00f1o de marco de espejo nosotros nos decantamos por dise\u00f1os sencillos, naturales y minimalistas donde es la madera la que tiene el protagonismo absoluto. La madera de olivo con sus vetas singulares, sus grietas y nudos y la irregularidad \u00fanica en sus formas nos proporciona tablones ideales para fabricar marcos de espejo de madera de olivo siempre \u00fanicos y exclusivos. Puesto que no hay dos tablones de olivo iguales, no hay dos espejos con marco de olivo iguales.<\/p>\n<p>Entre los espejos que tenemos en casa cobra particular relevancia el espejo del cuarto de ba\u00f1o. Ya que es que usamos para nuestro aseo diario y para admirar nuestra imagen. (sentido esot\u00e9rico del espejo)<\/p>\n<p>Un espejo con marco de olivo dar\u00e1 un toque natural y exclusivo a cualquier rinc\u00f3n de la casa, desde el recibidor encima de una consola, al ba\u00f1o o al dormitorio.<\/p>\n<p>Actualmente podemos encontrar infinidad de opciones y materiales con las que fabricar los marcos de espejos. En Yevea siempre valoramos el costo medioambiental de los materiales que utilizamos para nuestros productos, del mismo modo  tenemos la certeza  de la relaci\u00f3n directa entre los materiales con los que nos rodeamos en nuestro d\u00eda a d\u00eda y nuestra salud. Es por esto que recomendamos en primer lugar la madera de olivo tanto por por su origen natural como por su sostenibilidad . TODOS nuestros dise\u00f1os est\u00e1n realizados con madera procedente de la renovaci\u00f3n natural del olivar.<\/p>\n<p>OTROS MATERIALES NATURALES Y SOSTENIBLES<\/p>\n<p>Otro material sostenible para los marcos de espejo ser\u00edan las fibras naturales: Mimbre, esparto, ca\u00f1amo, enea y otras fibras vegetales . El esparto es una fibra natural que se desarrolla en las zonas \u00e1ridas de la pen\u00ednsula ib\u00e9rica  y que se usa desde el paleol\u00edtico para confeccionar sandalias, cuerdas, \u00fatiles agrarios y otros objetos. Con la llegada del pl\u00e1stico la industria del esparto de la que viv\u00edan muchas familias en Espa\u00f1a, especialmente en la regi\u00f3n de Murcia se fu\u00e9 a la quiebra. Hoy en d\u00eda se utiliza b\u00e1sicamente para hacer productos de decoraci\u00f3n: cestas, l\u00e1mparas, espejos, etc. Las fibras naturales aportan calidez y funcionalidad en el hogar y armonizan perfectamente con la madera de olivo.<\/p>\n<p>H\u00c1ZTELO TU MISMO<\/p>\n<p>Hoy en d\u00eda podemos elegir entre un sinf\u00edn de posibilidades y seremos nosotros los encargados de seleccionar cu\u00e1l ser\u00e1 el estilo de cada rinc\u00f3n de nuestro hogar: elegante, natural, ostentoso, sencillo, c\u00e1lido&#8230; Actualmente los profesionales realizan muchos proyectos de decoraci\u00f3n con un estilo ecl\u00e9ctico, donde los estilos y materiales m\u00e1s diversos son mezclados consiguiendo unos ambientes muy interesantes y personales. As\u00ed algunos clientes mezclan diversos estilos, como una consola  de madera de olivo (natural y sencilla) con un espejo de estilo barroco m\u00e1s sofisticado y extravagante y la combinaci\u00f3n resulta genial.<\/p>\n<p>MARCOS DE ESPEJO DE OTROS MATERIALES<\/p>\n<p>Algunos otros materiales con los que se hacen marcos de espejo son:<\/p>\n<p>Solid surface: Es un material nuevo que brinda la posibilidad de cualquier estilo en el dise\u00f1o ya que se moldea y ti\u00f1e con gran facilidad. El Solid Surface es un material mezclado de resina de poli\u00e9ster con s\u00f3lidos homog\u00e9neos muy finos y de composici\u00f3n mineral natural denominado ATH, al\u00famina trihidatrada.<\/p>\n<p>Metal: aluminio, acero, forja, lat\u00f3n, cobre, plata. Los marcos de espejo de distintos metales ofrecen dise\u00f1os muy interesantes. Los espejos con marco de hierro lacados en negro quedan bien en ambientes r\u00fasticos y dar\u00e1n un toque rom\u00e1ntico si los esmaltamos en blanco. El aluminio y el acero inoxidable ser\u00edan muy id\u00f3neos para estilos m\u00e1s modernos. El lat\u00f3n o el hierro crudo encajan perfectamente en estilos industriales. El cobre ser\u00eda ideal en una decoraci\u00f3n de estilo retro y un marco de estilo barroco suele ir cubierto con pan de oro o plata.<br \/>\nCer\u00e1mica: La cer\u00e1mica es un material natural que se ha utilizado desde muy antiguo para decorar. Son muy habituales en los dise\u00f1os andalusis y tambi\u00e9n en el r\u00fastico castellano.<\/p>\n<p>Cristal: hay marcos de espejo de estilo veneciano, barrocos y modernos y minimalistas. El marco de cristal siempre aporta luz y amplitud a las estancias. <\/p>\n<p>PERSONALIZA TU MARCO DE ESPEJO<\/p>\n<p>Podemos crear nuestro propio marco utilizando o reciclando cualquier material como telas, pl\u00e1stico, papel\u2026. Por ejemplo podemos dise\u00f1ar nuestro marco de espejo con materiales que tengan alg\u00fan valor sentimental para nosotros o que hemos recolectado personalmente   como conchas, caracolas, f\u00f3siles, cantos de r\u00edo o playa, cortezas,&#8230;como vemos cualquier marco por peculiar que sea puede enmarcar un espejo.<\/p>\n<p>SENTIDO SIMB\u00d3LICO DEL ESPEJO CON MARCO DE OLIVO<br \/>\nSENTIDO PROFUNDO DEL MARCO DE ESPEJO DE MADERA DE OLIVO<br \/>\nMIRA CON CONSCIENCIA TU ESPEJO CON MARCO DE OLIVO<\/p>\n<p>Mirarnos al espejo es un ejercicIo cotidiano que hacemos a diario. En ocasiones nos paramos unos segundos y miramos con inter\u00e9s ese extra\u00f1o que nos mira desde el otro lado. Lo observamos atentamente, miramos su pelo, sus ojos, su boca\u2026.Como est\u00e1 hoy? se le ve triste? feliz? aburrido?&#8230;En ocasiones, analizamos nuestro propio reflejo en el espejo y generalmente somos bastante duros con nosotros mismos. \u201cVaya cara tienes hoy\u201d, \u201cJooo que canas\u201d, \u201c Y esas arrugas?\u201d , \u201c Dios Santo qu\u00e9 ojeras\u201d. Tal vez el di\u00e1logo con nosotros mismos deber\u00eda ser m\u00e1s positivo: \u201cComo estas hoy?\u201d, \u201cSe te ve genial\u201d, \u201cVamos a por otro gran d\u00eda!\u201d,&#8230;La persona que nos mira y nos observa desde el espejo es lo m\u00e1s importante que tenemos en la vida. Es nuestro amigo y compa\u00f1ero m\u00e1s fiel y debemos darle todo el amor y respeto que le damos a las personas que amamos. <\/p>\n<p>Yo amo el olivo por muchas razones pero tal vez la m\u00e1s importante es que es un reflejo de mi misma. Disfruto cuando empieza el d\u00eda al ver mi rostro enmarcado dentro de un marco de olivo. La primera visi\u00f3n de t\u00ed mismo del d\u00eda puede que sea definitivo en como ira tu d\u00eda. Veo mi rostro y en ocasiones comienza el lenguaje negativo conmigo misma,&#8230; despu\u00e9s abro mi campo de visi\u00f3n y me veo recortada dentro de un marco de olivo. En ese momento pienso: \u201c Esto que hay dentro del marco es lo m\u00e1s importante que tienes\u201d. Entonces observo d\u00f3nde me enmarco.  Admiro las  formas onduladas de mi marco de olivo, sus grietas, la singularidad de sus agujeros y la hermosura de su veta y veo un reflejo de mi misma, con mis curvas, mis agujeros y grietas, mis imperfecciones al fin, y veo que todo eso forma un conjunto hermoso, natural y \u00fanico.<\/p>\n<p>Esta madera me recuerda que no hay que ser \u201cperfecto\u201d para ser hermoso. Tal vez por eso la amo tanto. Cada marco de madera de olivo es diferente   como cada uno de nosotros mismos somos \u00fanicos. Al igual que  los marcos de olivo, no estamos hechos en serie  en una cadena de producci\u00f3n. Somos todos diferentes y todos parecidos. Si cada d\u00eda nos paramos un momento delante del espejo y conseguimos amar lo que vemos reflejado en \u00e9l, seguro conseguiremos amar a los dem\u00e1s y tener un mejor d\u00eda en el metro, en el trabajo, con nuestros familiares y amigos. <\/p>\n<p>La madera de olivo siempre me recuerda que la imperfecci\u00f3n es bella y que aunque todos estamos hechos de la misma materia son esas curvas irregulares, esas grietas y nudos y d\u00f3nde est\u00e1n colocados los que nos hacen diferentes a los dem\u00e1s.<\/p>\n<p>La sociedad  actual, con una publicidad agresiva basada en lo superficial, nos empuja a ser como marcos de materiales sint\u00e9ticos producidos por robots en las grandes factor\u00edas,  \u201chermosos\u201d y \u201cperfectos\u201d .por fuera pero vac\u00edos por dentro. Carentes de singularidad. Frente a esta situaci\u00f3n yo reivindico nuestro derecho a  ser como un marco madera de olivo de olivo.<\/p>\n","protected":false},"excerpt":{"rendered":"<p>espejo con marco de madera de olivo irregular de tablones paralelos con la parte irregular en el borde Modelo b\u00e1sico y m\u00e1s popular Marco de tablones madera de olivo maciza irregular Tablones de olivo en su estado natural, con grietas y nudos sin cantear Tablones de olivo de grosor app. 0,5-1 cm Tablones cepillados, sin [&hellip;]<\/p>\n","protected":false},"featured_media":4062,"template":"","meta":[],"product_brand":[],"product_cat":[492],"product_tag":[],"class_list":{"0":"post-2150","1":"product","2":"type-product","3":"status-publish","4":"has-post-thumbnail","6":"product_cat-decoracion","8":"first","9":"instock","10":"taxable","11":"shipping-taxable","12":"purchasable","13":"product-type-variable","14":"has-default-attributes"},"_links":{"self":[{"href":"https:\/\/yevea.com\/productos\/wp-json\/wp\/v2\/product\/2150","targetHints":{"allow":["GET"]}}],"collection":[{"href":"https:\/\/yevea.com\/productos\/wp-json\/wp\/v2\/product"}],"about":[{"href":"https:\/\/yevea.com\/productos\/wp-json\/wp\/v2\/types\/product"}],"wp:featuredmedia":[{"embeddable":true,"href":"https:\/\/yevea.com\/productos\/wp-json\/wp\/v2\/media\/4062"}],"wp:attachment":[{"href":"https:\/\/yevea.com\/productos\/wp-json\/wp\/v2\/media?parent=2150"}],"wp:term":[{"taxonomy":"product_brand","embeddable":true,"href":"https:\/\/yevea.com\/productos\/wp-json\/wp\/v2\/product_brand?post=2150"},{"taxonomy":"product_cat","embeddable":true,"href":"https:\/\/yevea.com\/productos\/wp-json\/wp\/v2\/product_cat?post=2150"},{"taxonomy":"product_tag","embeddable":true,"href":"https:\/\/yevea.com\/productos\/wp-json\/wp\/v2\/product_tag?post=2150"}],"curies":[{"name":"wp","href":"https:\/\/api.w.org\/{rel}","templated":true}]}}