{"id":10396,"date":"2023-12-07T14:51:43","date_gmt":"2023-12-07T13:51:43","guid":{"rendered":"https:\/\/yevea.com\/productos\/?post_type=product&#038;p=10396"},"modified":"2026-01-24T20:34:32","modified_gmt":"2026-01-24T19:34:32","slug":"31-encimera-bano-madera-olivo","status":"publish","type":"product","link":"https:\/\/yevea.com\/productos\/producto\/31-encimera-bano-madera-olivo\/","title":{"rendered":"31. encimera ba\u00f1o madera olivo"},"content":{"rendered":"<h4>Encimera de madera de olivo con cantos naturales<\/h4>\n<ul>\n<li>grosores disponibles: <strong>3 cm, 5 cm, 7 cm<\/strong><\/li>\n<li>profundo est\u00e1ndar: <strong>45 cm<\/strong><\/li>\n<li>ancho (largo de la encimera): <strong>60 &#8211; 99 cm<\/strong> \u00a1Para anchos menores pedir presupuesto!<\/li>\n<li>dimensiones para cantos r\u00fasticos son aproximados<\/li>\n<li>dimensiones en caso de ambos cantos laterales rectos son reales<\/li>\n<li>La encimera de cocina tiene 3 tipos de acabado:\n<ol>\n<li>cara superior <b>(a)<\/b>:\n<ul>\n<li>lijado medio fino (120)<\/li>\n<li>grietas rellenas con resina<\/li>\n<li>acabado con poliuretano mate<\/li>\n<\/ul>\n<\/li>\n<li>cara inferior <b>(b)<\/b>:\n<ul>\n<li>sin lijado<\/li>\n<li>agujeros y grietas rellenas con masilla o sin rellenar<\/li>\n<li>acabado con poliuretano mate<\/li>\n<\/ul>\n<\/li>\n<li>cantos <b>(c)<\/b>:\n<ul>\n<li>crudo, amolado o lijado grueso<\/li>\n<li>agujeros y grietas rellenas con masilla o sin rellenar<\/li>\n<li>acabado con poliuretano mate<\/li>\n<\/ul>\n<\/li>\n<\/li>\n<li>encimera necesita estructura de soporte &#8211; un mueble o escuadras fuertes<\/li>\n<li>por defecto, la encimera <strong>no lleva agujeros de desag\u00fce<\/strong> &#8211; habitualmente, el agujero taladra el instalador del lavabo (as\u00ed se eliminan posibles confusiones con la colocaci\u00f3n). <\/li>\n<li>las encimeras de ba\u00f1o fabricadas seg\u00fan dimensiones indicadas por el cliente se consideran un producto fabricado a medida<\/li>\n<\/ul>\n<p>\n<strong>\u00a1Producimos encimeras de ba\u00f1o en formas y dimensiones seg\u00fan dibujo del cliente (con el recargo) &#8211; pide el presupuesto!<\/strong><\/p>\n<p><a href=\"https:\/\/goo.gl\/photos\/5xoyMfhc1oMyJjUQA\" target=\"_blank\" rel=\"noopener noreferrer\"> >>> \u00e1lbum de fotos de encimeras de ba\u00f1o r\u00fasticas<\/a><\/p>\n<h4>Encimeras de madera de olivo en stock<\/h4>\n<p>En esta p\u00e1gina puede indicarnos dimensiones requeridos y pedir su encimera de ba\u00f1o a medida. Todas las encimeras producimos a medida con la excepci\u00f3n de las referencias indicadas a continuaci\u00f3n. Estas suelen estar disponible en el almac\u00e9n ya producidos, as\u00ed los podemos suministrar m\u00e1s r\u00e1pido.<\/p>\n<table style=\"margin-bottom:1.5rem;\">\n<tr>\n<th>dibujo<\/th>\n<th>ref.<\/th>\n<\/tr>\n<tr>\n<td style=\"width:250px;padding:0;\">\n<img decoding=\"async\" src=\"https:\/\/yevea.com\/001-vectores\/encimera-bano\/waschtisch-encimera-bathtop-060-iisi.svg\" alt=\"dibujo encimera bano con canto r\u00fastico \" style=\"max-width:100%;\" \/>\n<\/td>\n<td>\n  313-iisi-060\n<\/td>\n<\/tr>\n<tr>\n<td style=\"width:250px;padding:0;\">\n<img decoding=\"async\" src=\"https:\/\/yevea.com\/001-vectores\/encimera-bano\/waschtisch-encimera-bathtop-060-iiss.svg\" alt=\"dibujo encimera bano con canto r\u00fastico \" style=\"max-width:100%;\" \/>\n<\/td>\n<td>\n  313-iiss-060\n<\/td>\n<\/tr>\n<tr>\n<td style=\"width:250px;padding:0;\">\n<img decoding=\"async\" src=\"https:\/\/yevea.com\/001-vectores\/encimera-bano\/waschtisch-encimera-bathtop-060-issi.svg\" alt=\"dibujo encimera bano con canto r\u00fastico \" style=\"max-width:100%;\" \/>\n<\/td>\n<td>\n  313-issi-060\n<\/td>\n<\/tr>\n<tr>\n<td style=\"width:250px;padding:0;\">\n<img decoding=\"async\" src=\"https:\/\/yevea.com\/001-vectores\/encimera-bano\/waschtisch-encimera-bathtop-060-isss.svg\" alt=\"dibujo encimera bano con canto r\u00fastico \" style=\"max-width:100%;\" \/>\n<\/td>\n<td>\n  313-isss-060\n<\/td>\n<\/tr>\n<tr>\n<td style=\"width:250px;padding:0;\">\n<img decoding=\"async\" src=\"https:\/\/yevea.com\/001-vectores\/encimera-bano\/waschtisch-encimera-bathtop-080-iisi.svg\" alt=\"dibujo encimera bano con canto r\u00fastico \" style=\"max-width:100%;\" \/>\n<\/td>\n<td>\n  313-iisi-080\n<\/td>\n<\/tr>\n<tr>\n<td style=\"width:250px;padding:0;\">\n<img decoding=\"async\" src=\"\nhttps:\/\/yevea.com\/001-vectores\/encimera-bano\/waschtisch-encimera-bathtop-080-iiss.svg\" alt=\"dibujo encimera bano con canto r\u00fastico \" style=\"max-width:100%;\" \/>\n<\/td>\n<td>\n  313-iiss-080\n<\/td>\n<\/tr>\n<tr>\n<td style=\"width:250px;padding:0;\">\n<img decoding=\"async\" src=\"https:\/\/yevea.com\/001-vectores\/encimera-bano\/waschtisch-encimera-bathtop-080-issi.svg\" alt=\"dibujo encimera bano con canto r\u00fastico \" style=\"max-width:100%;\" \/>\n<\/td>\n<td>\n  313-issi-080\n<\/td>\n<\/tr>\n<tr>\n<td style=\"width:250px;padding:0;\">\n<img decoding=\"async\" src=\"https:\/\/yevea.com\/001-vectores\/encimera-bano\/waschtisch-encimera-bathtop-080-isss.svg\" alt=\"dibujo encimera bano con canto r\u00fastico \" style=\"max-width:100%;\" \/>\n<\/td>\n<td>\n  313-isss-080\n<\/td>\n<\/tr>\n<\/table>\n","protected":false},"excerpt":{"rendered":"<p>Encimera de ba\u00f1o de madera de olivo r\u00fastica<\/p>\n","protected":false},"featured_media":2614,"template":"","meta":[],"product_brand":[],"product_cat":[16],"product_tag":[],"class_list":{"0":"post-10396","1":"product","2":"type-product","3":"status-publish","4":"has-post-thumbnail","6":"product_cat-bano","8":"first","9":"instock","10":"taxable","11":"shipping-taxable","12":"purchasable","13":"product-type-variable"},"_links":{"self":[{"href":"https:\/\/yevea.com\/productos\/wp-json\/wp\/v2\/product\/10396","targetHints":{"allow":["GET"]}}],"collection":[{"href":"https:\/\/yevea.com\/productos\/wp-json\/wp\/v2\/product"}],"about":[{"href":"https:\/\/yevea.com\/productos\/wp-json\/wp\/v2\/types\/product"}],"wp:featuredmedia":[{"embeddable":true,"href":"https:\/\/yevea.com\/productos\/wp-json\/wp\/v2\/media\/2614"}],"wp:attachment":[{"href":"https:\/\/yevea.com\/productos\/wp-json\/wp\/v2\/media?parent=10396"}],"wp:term":[{"taxonomy":"product_brand","embeddable":true,"href":"https:\/\/yevea.com\/productos\/wp-json\/wp\/v2\/product_brand?post=10396"},{"taxonomy":"product_cat","embeddable":true,"href":"https:\/\/yevea.com\/productos\/wp-json\/wp\/v2\/product_cat?post=10396"},{"taxonomy":"product_tag","embeddable":true,"href":"https:\/\/yevea.com\/productos\/wp-json\/wp\/v2\/product_tag?post=10396"}],"curies":[{"name":"wp","href":"https:\/\/api.w.org\/{rel}","templated":true}]}}