{"id":10183,"date":"2022-03-11T20:05:04","date_gmt":"2022-03-11T19:05:04","guid":{"rendered":"https:\/\/yevea.com\/productos\/?post_type=product&#038;p=10183"},"modified":"2026-01-24T21:11:36","modified_gmt":"2026-01-24T20:11:36","slug":"encimera-bano-olivo","status":"publish","type":"product","link":"https:\/\/yevea.com\/productos\/producto\/encimera-bano-olivo\/","title":{"rendered":"Encimera de ba\u00f1o de madera de olivo"},"content":{"rendered":"<h2>Encimera de madera de olivo con cantos naturales<\/h2>\n<ul>\n<li>grosores disponibles: <strong>3 cm, 5 cm, 7 cm<\/strong><\/li>\n<li>profundo est\u00e1ndar: <strong>45 cm<\/strong><\/li>\n<li>ancho (largo de la encimera): <strong>100 &#8211; 240 cm<\/strong> <em>\u00a1Para anchos menores pedir presupuesto!<\/em><\/li>\n<li>dimensiones para cantos r\u00fasticos son aproximados (+\/- min. 5cm)<\/li>\n<li>dimensiones en caso de ambos cantos laterales rectos son reales<\/li>\n<li>La encimera de cocina tiene 3 tipos de acabado:\n<ol>\n<li>cara superior <b>(a)<\/b>:\n<ul>\n<li>lijado medio fino (120)<\/li>\n<li>grietas rellenas con resina<\/li>\n<li>acabado con poliuretano mate<\/li>\n<\/ul>\n<\/li>\n<li>cara inferior <b>(b)<\/b>:\n<ul>\n<li>sin lijado<\/li>\n<li>agujeros y grietas rellenas con masilla o sin rellenar<\/li>\n<li>acabado con poliuretano mate<\/li>\n<\/ul>\n<\/li>\n<li>cantos <b>(c)<\/b>:\n<ul>\n<li>crudo, amolado o lijado grueso<\/li>\n<li>cantos r\u00fasticos naturales tienen trozos de corteza, agujeros y grietas sin rellenar<\/li>\n<li>acabado con poliuretano mate<\/li>\n<\/ul>\n<\/li>\n<\/li>\n<li>encimera necesita estructura de soporte &#8211; un mueble o escuadras fuertes<\/li>\n<li>por defecto, la encimera <strong>no lleva agujeros de desag\u00fce<\/strong> &#8211; habitualmente, el agujero taladra el instalador del lavabo (as\u00ed se eliminan posibles confusiones con la colocaci\u00f3n). <\/li>\n<li>las encimeras de ba\u00f1o fabricadas seg\u00fan dimensiones indicadas por el cliente son un producto fabricado a medida. No provienen de ning\u00fan almac\u00e9n y deben ser producidos desde cero, lo cual tarda app. 1 mes.<\/li>\n<\/ul>\n<p>\n<em>\u00a1Producimos encimeras de ba\u00f1o en formas y dimensiones seg\u00fan dibujo del cliente (con el recargo) &#8211; pide el presupuesto!<\/em>\n<\/p>\n<p><a href=\"https:\/\/goo.gl\/photos\/5xoyMfhc1oMyJjUQA\" target=\"_blank\" rel=\"noopener noreferrer\"> >>> \u00e1lbum de fotos de encimeras de ba\u00f1o r\u00fasticas<\/a><\/p>\n<h3>Stock de encimeras de madera de olivo<\/h3>\n<p>En esta p\u00e1gina puede indicarnos dimensiones requeridos y pedir su encimera de ba\u00f1o a medida. Todas las encimeras producimos a medida. En pasado, sol\u00edamos producir fabricar las encimeras de las medidas m\u00e1s para el almac\u00e9n, pero por razones de log\u00edstica ya no estamos manteniendo el stock de encimeras.<\/p>\n<h4>\u00bfPuedo comprar tablero madera de olivo sin \u201cmanchas negras\u201d?<br \/>\n\u00bfPuedo comprar encimera hecha de madera de olivo solo de color(es) XY\u201d?<\/h4>\n<p>\nNo. Nuestra propia historia ha empezado con el deseo de resaltar la unicidad de la madera de olivo y gracias a este lema hemos recibido un amplio apoyo de los clientes. Somos los originarios de la idea de uso de madera de olivo en la decoraci\u00f3n. Hasta entonces se estaba usando solo para la le\u00f1a o cucharas de madera. Ciertamente, hasta hoy no es posible utilizar la madera de olivo en la producci\u00f3n de encimeras etc. utilizando t\u00e9cnicas de ebanister\u00eda tradicional. pioneros en la industria somos orgullosos de haber descubierto estas t\u00e9cnicas nuevas de producci\u00f3n de madera m\u00e1s r\u00fastica en el mercado: madera de olivo. Cualquier demanda de cliente de hacer madera de olivo m\u00e1s homog\u00e9nea va totalmente contra nuestra filosof\u00eda la cual estamos compartiendo extensivamente con los clientes. Madera de olivo es la madera m\u00e1s r\u00fastica que hay, Si alguien quiere una encimera m\u00e1s homog\u00e9nea, no necesitar considerar otro tipo de madera para su proyecto.<\/p>\n","protected":false},"excerpt":{"rendered":"<p>Encimera de ba\u00f1o de madera de olivo r\u00fastica<\/p>\n","protected":false},"featured_media":2614,"template":"","meta":[],"product_brand":[],"product_cat":[16],"product_tag":[],"class_list":{"0":"post-10183","1":"product","2":"type-product","3":"status-publish","4":"has-post-thumbnail","6":"product_cat-bano","8":"first","9":"instock","10":"taxable","11":"shipping-taxable","12":"purchasable","13":"product-type-variable","14":"has-default-attributes"},"_links":{"self":[{"href":"https:\/\/yevea.com\/productos\/wp-json\/wp\/v2\/product\/10183","targetHints":{"allow":["GET"]}}],"collection":[{"href":"https:\/\/yevea.com\/productos\/wp-json\/wp\/v2\/product"}],"about":[{"href":"https:\/\/yevea.com\/productos\/wp-json\/wp\/v2\/types\/product"}],"wp:featuredmedia":[{"embeddable":true,"href":"https:\/\/yevea.com\/productos\/wp-json\/wp\/v2\/media\/2614"}],"wp:attachment":[{"href":"https:\/\/yevea.com\/productos\/wp-json\/wp\/v2\/media?parent=10183"}],"wp:term":[{"taxonomy":"product_brand","embeddable":true,"href":"https:\/\/yevea.com\/productos\/wp-json\/wp\/v2\/product_brand?post=10183"},{"taxonomy":"product_cat","embeddable":true,"href":"https:\/\/yevea.com\/productos\/wp-json\/wp\/v2\/product_cat?post=10183"},{"taxonomy":"product_tag","embeddable":true,"href":"https:\/\/yevea.com\/productos\/wp-json\/wp\/v2\/product_tag?post=10183"}],"curies":[{"name":"wp","href":"https:\/\/api.w.org\/{rel}","templated":true}]}}